{"id":13,"date":"2013-09-20T13:31:01","date_gmt":"2013-09-20T12:31:01","guid":{"rendered":"http:\/\/taekwondoazursport.com\/?page_id=13"},"modified":"2020-08-23T15:41:35","modified_gmt":"2020-08-23T14:41:35","slug":"mikael-meloul","status":"publish","type":"page","link":"http:\/\/taekwondoazursport.com\/?page_id=13","title":{"rendered":"Mika\u00ebl Meloul"},"content":{"rendered":"\n<p><strong><span style=\"font-size: 15px;\">Dipl\u00f4me d&rsquo;Etat 1er degr\u00e9 &#8211; Ceinture Noire\u00a0 6 \u00e8me Dan FFTDA\u00a0\u00a0<\/span><\/strong><\/p>\n<center><iframe loading=\"lazy\" src=\"\/\/player.vimeo.com\/video\/79672108?title=0&amp;byline=0&amp;portrait=0&amp;color=ffffff&amp;autoplay=1\" width=\"500\" height=\"375\" frameborder=\"0\" allowfullscreen=\"allowfullscreen\"><\/iframe><\/center>\n<p><br \/><strong><span style=\"color: #000000;\">Palmar\u00e8s sportif :<\/span><\/strong><img loading=\"lazy\" decoding=\"async\" class=\"alignright size-full wp-image-173\" title=\"melloul\" src=\"http:\/\/s399805691.onlinehome.fr\/photos\/meloul.jpg\" alt=\"\" width=\"295\" height=\"442\" \/><\/p>\n<ul id=\"palmares\">\n<li style=\"text-align: left;\">Un titre de CHAMPION DU MONDE<\/li>\n<li style=\"text-align: left;\">M\u00e9daille d&rsquo;ARGENT \u00e0 la COUPE DU MONDE<\/li>\n<li style=\"text-align: left;\">M\u00e9daill\u00e9 de BRONZE en CHAMPIONNATS DU MONDE<\/li>\n<li style=\"text-align: left;\">2 titres de CHAMPION D&rsquo;EUROPE<\/li>\n<li style=\"text-align: left;\">M\u00e9daill\u00e9 d&rsquo;ARGENT en CHAMPIONNATS D&rsquo;EUROPE<\/li>\n<li style=\"text-align: left;\">M\u00e9daill\u00e9 de BRONZE en CHAMPIONNATS D&rsquo;EUROPE junior<\/li>\n<li style=\"text-align: left;\">10 titres de CHAMPION DE FRANCE<\/li>\n<li style=\"text-align: left;\">1 Victoire en COUPE DE FRANCE<\/li>\n<li style=\"text-align: left;\">Vainqueur de l&rsquo;OPEN DE TAIWAN<\/li>\n<li style=\"text-align: left;\">Vainqueur de l&rsquo;OPEN D&rsquo;ESPAGNE<\/li>\n<li style=\"text-align: left;\">Vainqueur de l&rsquo;OPEN DU LUXEMBOURG<\/li>\n<li style=\"text-align: left;\">Vainqueur de l&rsquo;OPEN DE FRANCE<\/li>\n<li style=\"text-align: left;\">Vainqueur de l&rsquo;OPEN D&rsquo;ITALIE<\/li>\n<li style=\"text-align: left;\">Pr\u00e9-s\u00e9lection OLYMPIQUE (SYDNEY 2000)<\/li>\n<li style=\"text-align: left;\">Chevalier de l&rsquo;ordre du M\u00e9rite National<\/li>\n<li style=\"text-align: left;\">M\u00e9daille d&rsquo;Or de la Jeunesse et des Sports<\/li>\n<\/ul>\n<p>\u00a0<\/p>\n<p style=\"text-align: center;\"><span class=\"Apple-style-span\" style=\"font-family: Georgia, 'Bitstream Charter', serif; line-height: 32px; font-size: 22px;\"><a title=\"Site officel de Mika\u00ebl Meloul\" href=\"http:\/\/www.mikael-meloul.com\/\" target=\"_blank\" rel=\"noopener noreferrer\">WWW.MIKAEL-MELOUL.COM<\/a><\/span><\/p>\n<p>\u00a0<\/p>\n\n","protected":false},"excerpt":{"rendered":"<p>Dipl\u00f4me d&rsquo;Etat 1er degr\u00e9 &#8211; Ceinture Noire\u00a0 6 \u00e8me Dan FFTDA\u00a0\u00a0 Palmar\u00e8s sportif : Un titre de CHAMPION DU MONDE M\u00e9daille d&rsquo;ARGENT \u00e0 la COUPE DU MONDE M\u00e9daill\u00e9 de BRONZE en CHAMPIONNATS DU MONDE 2 titres de CHAMPION D&rsquo;EUROPE M\u00e9daill\u00e9 d&rsquo;ARGENT en CHAMPIONNATS D&rsquo;EUROPE M\u00e9daill\u00e9 de BRONZE en CHAMPIONNATS D&rsquo;EUROPE junior 10 titres de CHAMPION [&#8230;]\n","protected":false},"author":1,"featured_media":0,"parent":0,"menu_order":3,"comment_status":"closed","ping_status":"closed","template":"","meta":{"footnotes":""},"class_list":["post-13","page","type-page","status-publish","hentry"],"_links":{"self":[{"href":"http:\/\/taekwondoazursport.com\/index.php?rest_route=\/wp\/v2\/pages\/13","targetHints":{"allow":["GET"]}}],"collection":[{"href":"http:\/\/taekwondoazursport.com\/index.php?rest_route=\/wp\/v2\/pages"}],"about":[{"href":"http:\/\/taekwondoazursport.com\/index.php?rest_route=\/wp\/v2\/types\/page"}],"author":[{"embeddable":true,"href":"http:\/\/taekwondoazursport.com\/index.php?rest_route=\/wp\/v2\/users\/1"}],"replies":[{"embeddable":true,"href":"http:\/\/taekwondoazursport.com\/index.php?rest_route=%2Fwp%2Fv2%2Fcomments&post=13"}],"version-history":[{"count":7,"href":"http:\/\/taekwondoazursport.com\/index.php?rest_route=\/wp\/v2\/pages\/13\/revisions"}],"predecessor-version":[{"id":1530,"href":"http:\/\/taekwondoazursport.com\/index.php?rest_route=\/wp\/v2\/pages\/13\/revisions\/1530"}],"wp:attachment":[{"href":"http:\/\/taekwondoazursport.com\/index.php?rest_route=%2Fwp%2Fv2%2Fmedia&parent=13"}],"curies":[{"name":"wp","href":"https:\/\/api.w.org\/{rel}","templated":true}]}}