{"id":190,"date":"2013-09-26T17:33:18","date_gmt":"2013-09-26T16:33:18","guid":{"rendered":"http:\/\/taekwondoazursport.com\/?page_id=190"},"modified":"2013-10-06T11:15:07","modified_gmt":"2013-10-06T10:15:07","slug":"michael-armagan","status":"publish","type":"page","link":"http:\/\/taekwondoazursport.com\/?page_id=190","title":{"rendered":"Michael ARMAGAN"},"content":{"rendered":"<p style=\"text-align: justify;\"><img loading=\"lazy\" decoding=\"async\" class=\"size-medium wp-image-193 alignleft\" alt=\"Armagan\" src=\"http:\/\/taekwondoazursport.com\/wp-content\/uploads\/2013\/09\/Armagan-200x300.jpg\" width=\"200\" height=\"300\" srcset=\"http:\/\/taekwondoazursport.com\/wp-content\/uploads\/2013\/09\/Armagan-200x300.jpg 200w, http:\/\/taekwondoazursport.com\/wp-content\/uploads\/2013\/09\/Armagan.jpg 480w\" sizes=\"auto, (max-width: 200px) 100vw, 200px\" \/>Ceinture noire 1\u00e8re DAN<br \/>\nD.I.F. (Dipl\u00f4me d&rsquo;Instructeur F\u00e9d\u00e9ral)<\/p>\n","protected":false},"excerpt":{"rendered":"<p>Ceinture noire 1\u00e8re DAN D.I.F. (Dipl\u00f4me d&rsquo;Instructeur F\u00e9d\u00e9ral)<\/p>\n","protected":false},"author":1,"featured_media":0,"parent":15,"menu_order":4,"comment_status":"closed","ping_status":"closed","template":"sidebar-content-page.php","meta":{"footnotes":""},"class_list":["post-190","page","type-page","status-publish","hentry"],"_links":{"self":[{"href":"http:\/\/taekwondoazursport.com\/index.php?rest_route=\/wp\/v2\/pages\/190","targetHints":{"allow":["GET"]}}],"collection":[{"href":"http:\/\/taekwondoazursport.com\/index.php?rest_route=\/wp\/v2\/pages"}],"about":[{"href":"http:\/\/taekwondoazursport.com\/index.php?rest_route=\/wp\/v2\/types\/page"}],"author":[{"embeddable":true,"href":"http:\/\/taekwondoazursport.com\/index.php?rest_route=\/wp\/v2\/users\/1"}],"replies":[{"embeddable":true,"href":"http:\/\/taekwondoazursport.com\/index.php?rest_route=%2Fwp%2Fv2%2Fcomments&post=190"}],"version-history":[{"count":4,"href":"http:\/\/taekwondoazursport.com\/index.php?rest_route=\/wp\/v2\/pages\/190\/revisions"}],"predecessor-version":[{"id":217,"href":"http:\/\/taekwondoazursport.com\/index.php?rest_route=\/wp\/v2\/pages\/190\/revisions\/217"}],"up":[{"embeddable":true,"href":"http:\/\/taekwondoazursport.com\/index.php?rest_route=\/wp\/v2\/pages\/15"}],"wp:attachment":[{"href":"http:\/\/taekwondoazursport.com\/index.php?rest_route=%2Fwp%2Fv2%2Fmedia&parent=190"}],"curies":[{"name":"wp","href":"https:\/\/api.w.org\/{rel}","templated":true}]}}