{"id":200,"date":"2013-09-26T17:50:08","date_gmt":"2013-09-26T16:50:08","guid":{"rendered":"http:\/\/taekwondoazursport.com\/?page_id=200"},"modified":"2018-08-24T11:32:08","modified_gmt":"2018-08-24T10:32:08","slug":"champions","status":"publish","type":"page","link":"http:\/\/taekwondoazursport.com\/?page_id=200","title":{"rendered":"Champions"},"content":{"rendered":"<p><img loading=\"lazy\" decoding=\"async\" class=\"alignnone size-medium wp-image-1031\" title=\"527709_10150946446449168_496499304_n\" src=\"http:\/\/taekwondoazursport.com\/wp-content\/uploads\/2012\/02\/527709_10150946446449168_496499304_n-133x200.jpg\" alt=\"\" width=\"133\" height=\"200\" \/><\/p>\n<p>Mika\u00ebl MELOUL<\/p>\n<ul id=\"palmares\">\n<li>Un titre de CHAMPION DU MONDE<\/li>\n<li>M\u00e9daille d\u2019ARGENT \u00e0 la COUPE DU MONDE<\/li>\n<li>M\u00e9daill\u00e9 de BRONZE en CHAMPIONNATS DU MONDE<\/li>\n<li>2 titres de CHAMPION D\u2019EUROPE<\/li>\n<li>M\u00e9daill\u00e9 d\u2019ARGENT en CHAMPIONNATS D\u2019EUROPE<\/li>\n<li>M\u00e9daill\u00e9 de BRONZE en CHAMPIONNATS D\u2019EUROPE junior<\/li>\n<li>10 titres de CHAMPION DE FRANCE<\/li>\n<li>1 Victoire en COUPE DE FRANCE<\/li>\n<li>Vainqueur de l\u2019OPEN DE TAIWAN<\/li>\n<li>Vainqueur de l\u2019OPEN D\u2019ESPAGNE<\/li>\n<li>Vainqueur de l\u2019OPEN DU LUXEMBOURG<\/li>\n<li>Vainqueur de l\u2019OPEN DE FRANCE<\/li>\n<li>Vainqueur de l\u2019OPEN D\u2019ITALIE<\/li>\n<li>Pr\u00e9-s\u00e9lection OLYMPIQUE (SYDNEY 2000)<\/li>\n<li>Chevalier de l\u2019ordre du M\u00e9rite National<\/li>\n<li>M\u00e9daille d\u2019Or de la Jeunesse et des Sports<\/li>\n<\/ul>\n<p><iframe loading=\"lazy\" title=\"Finale mondiale de Mikael Meloul\" width=\"1020\" height=\"765\" src=\"https:\/\/www.youtube.com\/embed\/eZondzpfDxU?feature=oembed\" frameborder=\"0\" allow=\"accelerometer; autoplay; encrypted-media; gyroscope; picture-in-picture\" allowfullscreen><\/iframe><\/p>\n<p>&nbsp;<\/p>\n<p><img loading=\"lazy\" decoding=\"async\" class=\"alignnone size-medium wp-image-1016\" title=\"18_DSC0343-lavorata-\" src=\"http:\/\/taekwondoazursport.com\/wp-content\/uploads\/2012\/03\/18_DSC0343-lavorata--137x200.jpg\" alt=\"\" width=\"137\" height=\"200\" \/><\/p>\n<p>Laetitia ATLANI<\/p>\n<p><strong><strong>Championne de France Universitaire<br \/>\nVice-championne de France Universitaire<\/strong><\/strong><\/p>\n<p><img loading=\"lazy\" decoding=\"async\" class=\"alignnone size-medium wp-image-1025\" title=\"598519_288089407953977_1971295579_n\" src=\"http:\/\/taekwondoazursport.com\/wp-content\/uploads\/2012\/03\/598519_288089407953977_1971295579_n-150x200.jpg\" alt=\"\" width=\"150\" height=\"200\" \/><\/p>\n<p>Michael ARMAGAN<\/p>\n<p>Samuel ASSARAFF<\/p>\n<p>Augustin BATA<\/p>\n<p>Sebastien SANATI<\/p>\n<p>Sarah SANATI<\/p>\n<p>Romain LUCKI<\/p>\n<p>Lilian LAPERCHE<\/p>\n<p>Guillaume BOIS<\/p>\n<p>Medhi RAFIKI<\/p>\n<p>Fr\u00e9d\u00e9ric HERTER<\/p>\n<p>&nbsp;<\/p>\n","protected":false},"excerpt":{"rendered":"<p>Mika\u00ebl MELOUL Un titre de CHAMPION DU MONDE M\u00e9daille d\u2019ARGENT \u00e0 la COUPE DU MONDE M\u00e9daill\u00e9 de BRONZE en CHAMPIONNATS DU MONDE 2 titres de CHAMPION D\u2019EUROPE M\u00e9daill\u00e9 d\u2019ARGENT en CHAMPIONNATS D\u2019EUROPE M\u00e9daill\u00e9 de BRONZE en CHAMPIONNATS D\u2019EUROPE junior 10 titres de CHAMPION DE FRANCE 1 Victoire en COUPE DE FRANCE Vainqueur de l\u2019OPEN DE [&#8230;]\n","protected":false},"author":1,"featured_media":0,"parent":15,"menu_order":6,"comment_status":"closed","ping_status":"closed","template":"sidebar-content-page.php","meta":{"footnotes":""},"class_list":["post-200","page","type-page","status-publish","hentry"],"_links":{"self":[{"href":"http:\/\/taekwondoazursport.com\/index.php?rest_route=\/wp\/v2\/pages\/200","targetHints":{"allow":["GET"]}}],"collection":[{"href":"http:\/\/taekwondoazursport.com\/index.php?rest_route=\/wp\/v2\/pages"}],"about":[{"href":"http:\/\/taekwondoazursport.com\/index.php?rest_route=\/wp\/v2\/types\/page"}],"author":[{"embeddable":true,"href":"http:\/\/taekwondoazursport.com\/index.php?rest_route=\/wp\/v2\/users\/1"}],"replies":[{"embeddable":true,"href":"http:\/\/taekwondoazursport.com\/index.php?rest_route=%2Fwp%2Fv2%2Fcomments&post=200"}],"version-history":[{"count":4,"href":"http:\/\/taekwondoazursport.com\/index.php?rest_route=\/wp\/v2\/pages\/200\/revisions"}],"predecessor-version":[{"id":489,"href":"http:\/\/taekwondoazursport.com\/index.php?rest_route=\/wp\/v2\/pages\/200\/revisions\/489"}],"up":[{"embeddable":true,"href":"http:\/\/taekwondoazursport.com\/index.php?rest_route=\/wp\/v2\/pages\/15"}],"wp:attachment":[{"href":"http:\/\/taekwondoazursport.com\/index.php?rest_route=%2Fwp%2Fv2%2Fmedia&parent=200"}],"curies":[{"name":"wp","href":"https:\/\/api.w.org\/{rel}","templated":true}]}}