{"id":23,"date":"2013-09-20T13:33:49","date_gmt":"2013-09-20T12:33:49","guid":{"rendered":"http:\/\/taekwondoazursport.com\/?page_id=23"},"modified":"2021-08-30T18:44:02","modified_gmt":"2021-08-30T17:44:02","slug":"contact","status":"publish","type":"page","link":"http:\/\/taekwondoazursport.com\/?page_id=23","title":{"rendered":"Contact"},"content":{"rendered":"\n<p><img loading=\"lazy\" decoding=\"async\" class=\"alignleft size-full wp-image-639\" alt=\"\" src=\"http:\/\/taekwondoazursport.com\/wp-content\/uploads\/2021\/08\/logo-TAS-640x640.png\" width=\"101\" height=\"101\" \/><strong>Si\u00e8ge social et administratif :<\/strong><br \/>\nTAEKWONDO AZUR SPORT<br \/>\nLe Palais Sol\u00e9dor &#8211;\u00a016, av. Borriglione &#8211;\u00a006100 NICE<br \/>\n<strong>Tel. 04.93.710.081\u00a0\/\u00a0Port. 06.1234.0684<\/strong><br \/>\nClub agr\u00e9\u00e9 par le Minist\u00e8re de la sant\u00e9, de la jeunesse et des sports MJS 06-S-21-2003-D<\/p>\n\n<div class=\"wpcf7 no-js\" id=\"wpcf7-f248-o1\" lang=\"fr-FR\" dir=\"ltr\" data-wpcf7-id=\"248\">\n<div class=\"screen-reader-response\"><p role=\"status\" aria-live=\"polite\" aria-atomic=\"true\"><\/p> <ul><\/ul><\/div>\n<form action=\"\/index.php?rest_route=%2Fwp%2Fv2%2Fpages%2F23#wpcf7-f248-o1\" method=\"post\" class=\"wpcf7-form init\" aria-label=\"Formulaire de contact\" novalidate=\"novalidate\" data-status=\"init\">\n<fieldset class=\"hidden-fields-container\"><input type=\"hidden\" name=\"_wpcf7\" value=\"248\" \/><input type=\"hidden\" name=\"_wpcf7_version\" value=\"6.1.4\" \/><input type=\"hidden\" name=\"_wpcf7_locale\" value=\"fr_FR\" \/><input type=\"hidden\" name=\"_wpcf7_unit_tag\" value=\"wpcf7-f248-o1\" \/><input type=\"hidden\" name=\"_wpcf7_container_post\" value=\"0\" \/><input type=\"hidden\" name=\"_wpcf7_posted_data_hash\" value=\"\" \/>\n<\/fieldset>\n<p>Votre nom (obligatoire)\n<\/p>\n<p><span class=\"wpcf7-form-control-wrap\" data-name=\"your-name\"><input size=\"40\" maxlength=\"400\" class=\"wpcf7-form-control wpcf7-text wpcf7-validates-as-required\" aria-required=\"true\" aria-invalid=\"false\" value=\"\" type=\"text\" name=\"your-name\" \/><\/span>\n<\/p>\n<p>Votre email (obligatoire)\n<\/p>\n<p><span class=\"wpcf7-form-control-wrap\" data-name=\"your-email\"><input size=\"40\" maxlength=\"400\" class=\"wpcf7-form-control wpcf7-email wpcf7-validates-as-required wpcf7-text wpcf7-validates-as-email\" aria-required=\"true\" aria-invalid=\"false\" value=\"\" type=\"email\" name=\"your-email\" \/><\/span>\n<\/p>\n<p>Sujet\n<\/p>\n<p><span class=\"wpcf7-form-control-wrap\" data-name=\"your-subject\"><input size=\"40\" maxlength=\"400\" class=\"wpcf7-form-control wpcf7-text\" aria-invalid=\"false\" value=\"\" type=\"text\" name=\"your-subject\" \/><\/span>\n<\/p>\n<p>Votre message\n<\/p>\n<p><span class=\"wpcf7-form-control-wrap\" data-name=\"your-message\"><textarea cols=\"40\" rows=\"10\" maxlength=\"2000\" class=\"wpcf7-form-control wpcf7-textarea\" aria-invalid=\"false\" name=\"your-message\"><\/textarea><\/span>\n<\/p>\n<p><input class=\"wpcf7-form-control wpcf7-submit has-spinner\" type=\"submit\" value=\"Envoyer\" \/>\n<\/p><p style=\"display: none !important;\" class=\"akismet-fields-container\" data-prefix=\"_wpcf7_ak_\"><label>&#916;<textarea name=\"_wpcf7_ak_hp_textarea\" cols=\"45\" rows=\"8\" maxlength=\"100\"><\/textarea><\/label><input type=\"hidden\" id=\"ak_js_1\" name=\"_wpcf7_ak_js\" value=\"118\"\/><script>document.getElementById( \"ak_js_1\" ).setAttribute( \"value\", ( new Date() ).getTime() );<\/script><\/p><div class=\"wpcf7-response-output\" aria-hidden=\"true\"><\/div>\n<\/form>\n<\/div>\n\n\n<p>&nbsp;<\/p>\n<h1>Partenaires<\/h1>\n<table width=\"728\" border=\"0\">\n<tbody>\n<tr>\n<td><a href=\"http:\/\/www.cg06.fr\/\" target=\"_blank\" rel=\"noopener noreferrer\"><img loading=\"lazy\" decoding=\"async\" alt=\"logo_cg06\" src=\"http:\/\/taekwondoazursport.com\/wp-content\/uploads\/2013\/09\/logo_cg06.jpg\" width=\"180\" height=\"120\" \/><\/a><\/td>\n<td><a href=\"http:\/\/www.nice.fr\/\" target=\"_blank\" rel=\"noopener noreferrer\"><img loading=\"lazy\" decoding=\"async\" alt=\"logo-nicecotedazur\" src=\"http:\/\/taekwondoazursport.com\/wp-content\/uploads\/2013\/09\/logo-nicecotedazur.jpg\" width=\"184\" height=\"120\" \/><\/a><\/td>\n<td>\n<div align=\"center\"><span class=\"Apple-style-span\" style=\"color: #333333; font-family: Georgia, 'Times New Roman', 'Bitstream Charter', Times, serif; font-size: 13px; line-height: 19px; -webkit-border-horizontal-spacing: 0px; -webkit-border-vertical-spacing: 0px;\"><a href=\"http:\/\/www.cavallari.fr\" target=\"_blank\" rel=\"noopener noreferrer\"><img loading=\"lazy\" decoding=\"async\" alt=\"LOGO-KIA02\" src=\"http:\/\/taekwondoazursport.com\/wp-content\/uploads\/2013\/09\/LOGO-KIA02.jpg\" width=\"226\" height=\"120\" \/><\/a><\/span><\/div>\n<\/td>\n<\/tr>\n<\/tbody>\n<\/table>\n\n","protected":false},"excerpt":{"rendered":"<p>Si\u00e8ge social et administratif : TAEKWONDO AZUR SPORT Le Palais Sol\u00e9dor &#8211;\u00a016, av. Borriglione &#8211;\u00a006100 NICE Tel. 04.93.710.081\u00a0\/\u00a0Port. 06.1234.0684 Club agr\u00e9\u00e9 par le Minist\u00e8re de la sant\u00e9, de la jeunesse et des sports MJS 06-S-21-2003-D &nbsp; Partenaires<\/p>\n","protected":false},"author":1,"featured_media":0,"parent":0,"menu_order":9,"comment_status":"closed","ping_status":"closed","template":"","meta":{"footnotes":""},"class_list":["post-23","page","type-page","status-publish","hentry"],"_links":{"self":[{"href":"http:\/\/taekwondoazursport.com\/index.php?rest_route=\/wp\/v2\/pages\/23","targetHints":{"allow":["GET"]}}],"collection":[{"href":"http:\/\/taekwondoazursport.com\/index.php?rest_route=\/wp\/v2\/pages"}],"about":[{"href":"http:\/\/taekwondoazursport.com\/index.php?rest_route=\/wp\/v2\/types\/page"}],"author":[{"embeddable":true,"href":"http:\/\/taekwondoazursport.com\/index.php?rest_route=\/wp\/v2\/users\/1"}],"replies":[{"embeddable":true,"href":"http:\/\/taekwondoazursport.com\/index.php?rest_route=%2Fwp%2Fv2%2Fcomments&post=23"}],"version-history":[{"count":13,"href":"http:\/\/taekwondoazursport.com\/index.php?rest_route=\/wp\/v2\/pages\/23\/revisions"}],"predecessor-version":[{"id":1548,"href":"http:\/\/taekwondoazursport.com\/index.php?rest_route=\/wp\/v2\/pages\/23\/revisions\/1548"}],"wp:attachment":[{"href":"http:\/\/taekwondoazursport.com\/index.php?rest_route=%2Fwp%2Fv2%2Fmedia&parent=23"}],"curies":[{"name":"wp","href":"https:\/\/api.w.org\/{rel}","templated":true}]}}