{"id":32,"date":"2013-09-20T13:48:14","date_gmt":"2013-09-20T12:48:14","guid":{"rendered":"http:\/\/taekwondoazursport.com\/?page_id=32"},"modified":"2020-08-23T15:45:53","modified_gmt":"2020-08-23T14:45:53","slug":"body-tae-gym","status":"publish","type":"page","link":"http:\/\/taekwondoazursport.com\/?page_id=32","title":{"rendered":"Body Tae Gym"},"content":{"rendered":"\n<center><iframe loading=\"lazy\" src=\"\/\/player.vimeo.com\/video\/79672110?title=0&amp;byline=0&amp;portrait=0&amp;color=ffffff&amp;autoplay=1\" width=\"500\" height=\"273\" frameborder=\"0\" allowfullscreen=\"allowfullscreen\"><\/iframe><\/center>\n<p style=\"text-align: justify;\"><strong>La rencontre des arts martiaux et du fitness\u2026<\/strong><\/p>\n<p style=\"text-align: justify;\">Le Body Tae Gym est un cours chor\u00e9graphi\u00e9 d&rsquo;une heure,\u00a0bas\u00e9 sur des arts martiaux et des sports de combat ayant pour vocation l&rsquo;entra\u00eenement cardio-vasculaire. Compos\u00e9 de musiques ayant un but sp\u00e9cifique lors de l\u2019entrainement, il est impr\u00e9gn\u00e9 de divers arts martiaux tels que le taekwondo, le karat\u00e9, le kung-fu, la capoeira et le muay thai.<\/p>\n<p style=\"text-align: justify;\">Ses bienfaits\u00a0:<br \/>&#8211; am\u00e9lioration de la fonction cardio-vasculaire;<br \/>&#8211; am\u00e9lioration de la fonction respiratoire;<br \/>&#8211; renforcement musculaire et la tonicit\u00e9;<br \/>&#8211; augmentation de la coordination et de l\u2019agilit\u00e9\u2028Le maintien du poids de forme;<br \/>&#8211; augmentation de la concentration et le d\u00e9veloppement de la capacit\u00e9 de la m\u00e9morisation.<\/p>\n<h1>Gymnases &amp; horaires :<\/h1>\n<p><span style=\"font-size: 140%; color: #ff0000;\">\u00a0 \u00a0 \u00a0 \u00a0 \u00a0 \u00a0 \u00a0 \u00a006 60 69 44 82\u00a0<\/span><\/p>\n<p><a class=\"info\" href=\"http:\/\/g.co\/maps\/wyxvr\" target=\"_blank\" rel=\"noopener noreferrer\">\u2022 NICE OUEST &#8211; GYMNASE MORETTI<br \/>375, av. de Fabron 06200 NICE<br \/>Vendredi &#8211; 19h00<\/a><\/p>\n\n","protected":false},"excerpt":{"rendered":"<p>La rencontre des arts martiaux et du fitness\u2026 Le Body Tae Gym est un cours chor\u00e9graphi\u00e9 d&rsquo;une heure,\u00a0bas\u00e9 sur des arts martiaux et des sports de combat ayant pour vocation l&rsquo;entra\u00eenement cardio-vasculaire. Compos\u00e9 de musiques ayant un but sp\u00e9cifique lors de l\u2019entrainement, il est impr\u00e9gn\u00e9 de divers arts martiaux tels que le taekwondo, le karat\u00e9, [&#8230;]\n","protected":false},"author":1,"featured_media":0,"parent":0,"menu_order":4,"comment_status":"closed","ping_status":"closed","template":"","meta":{"footnotes":""},"class_list":["post-32","page","type-page","status-publish","hentry"],"_links":{"self":[{"href":"http:\/\/taekwondoazursport.com\/index.php?rest_route=\/wp\/v2\/pages\/32","targetHints":{"allow":["GET"]}}],"collection":[{"href":"http:\/\/taekwondoazursport.com\/index.php?rest_route=\/wp\/v2\/pages"}],"about":[{"href":"http:\/\/taekwondoazursport.com\/index.php?rest_route=\/wp\/v2\/types\/page"}],"author":[{"embeddable":true,"href":"http:\/\/taekwondoazursport.com\/index.php?rest_route=\/wp\/v2\/users\/1"}],"replies":[{"embeddable":true,"href":"http:\/\/taekwondoazursport.com\/index.php?rest_route=%2Fwp%2Fv2%2Fcomments&post=32"}],"version-history":[{"count":45,"href":"http:\/\/taekwondoazursport.com\/index.php?rest_route=\/wp\/v2\/pages\/32\/revisions"}],"predecessor-version":[{"id":1532,"href":"http:\/\/taekwondoazursport.com\/index.php?rest_route=\/wp\/v2\/pages\/32\/revisions\/1532"}],"wp:attachment":[{"href":"http:\/\/taekwondoazursport.com\/index.php?rest_route=%2Fwp%2Fv2%2Fmedia&parent=32"}],"curies":[{"name":"wp","href":"https:\/\/api.w.org\/{rel}","templated":true}]}}