{"id":38,"date":"2013-09-20T13:52:03","date_gmt":"2013-09-20T12:52:03","guid":{"rendered":"http:\/\/taekwondoazursport.com\/?page_id=38"},"modified":"2025-08-21T21:39:36","modified_gmt":"2025-08-21T20:39:36","slug":"accueil","status":"publish","type":"page","link":"http:\/\/taekwondoazursport.com\/?page_id=38","title":{"rendered":"ACCUEIL"},"content":{"rendered":"\n<h1 style=\"text-align: center;\"><span style=\"color: #ff9900;\"><strong>REPRISE DES COURS <\/strong><\/span><\/h1>\n<p><span style=\"font-size: 140%;\">D\u00e8s Lundi 8 Septembre 2025 \u00e0 travers nos diff\u00e9rentes sections sur NICE!<\/span><\/p>\n<p><strong>LUNDI 8 septembre 2025 :<\/strong><\/p>\n<p>Section enfants Fuon Cauda: 18H15 \u00e0 19H15\u00a0<\/p>\n<p>Section enfants Rancher 17H00 \u00e0 18H00\u00a0<\/p>\n<p><strong>MARDI 9 septembre 2025 :\u00a0<\/strong><\/p>\n<p>Section adultes Fuon Cauda de 20 h00 \u00e0 21 H 30<\/p>\n<p><strong>MERCREDI 10 septembre 2025 :<\/strong><\/p>\n<p>Section enfants Villeneuve Loubet 14H30 \u00e0 15H30<\/p>\n<p>Section enfants Calmette 17H30 \u00e0 18H30<\/p>\n<p>Section ados Calmette 18H30 \u00e0 19H30<\/p>\n<p><a href=\"http:\/\/taekwondoazursport.com\/wp-content\/uploads\/2019\/09\/kimono-offert.jpg\"><br \/><img loading=\"lazy\" decoding=\"async\" class=\"wp-image-649 aligncenter\" src=\"http:\/\/taekwondoazursport.com\/wp-content\/uploads\/2019\/09\/kimono-offert.jpg\" alt=\"\" width=\"373\" height=\"199\" \/><\/a><\/p>\n<h1 style=\"text-align: center;\"><span style=\"font-size: 120%;\"><a href=\"http:\/\/taekwondoazursport.com\/?attachment_id=1521\" rel=\"attachment wp-att-1521\"><img loading=\"lazy\" decoding=\"async\" class=\"wp-image-1521 aligncenter\" src=\"http:\/\/taekwondoazursport.com\/wp-content\/uploads\/2020\/08\/117958968_1726738420828579_8970035810156440734_n-216x300.jpg\" alt=\"\" width=\"382\" height=\"531\" srcset=\"http:\/\/taekwondoazursport.com\/wp-content\/uploads\/2020\/08\/117958968_1726738420828579_8970035810156440734_n-216x300.jpg 216w, http:\/\/taekwondoazursport.com\/wp-content\/uploads\/2020\/08\/117958968_1726738420828579_8970035810156440734_n-768x1069.jpg 768w, http:\/\/taekwondoazursport.com\/wp-content\/uploads\/2020\/08\/117958968_1726738420828579_8970035810156440734_n-736x1024.jpg 736w, http:\/\/taekwondoazursport.com\/wp-content\/uploads\/2020\/08\/117958968_1726738420828579_8970035810156440734_n.jpg 1125w\" sizes=\"auto, (max-width: 382px) 100vw, 382px\" \/><\/a> <\/span><\/h1>\n<p><a href=\"http:\/\/taekwondoazursport.com\/?attachment_id=1520\" rel=\"attachment wp-att-1520\"><img loading=\"lazy\" decoding=\"async\" class=\" wp-image-1520 aligncenter\" src=\"http:\/\/taekwondoazursport.com\/wp-content\/uploads\/2020\/08\/118177802_310203226873641_246982409896111349_n-212x300.jpg\" alt=\"\" width=\"375\" height=\"530\" srcset=\"http:\/\/taekwondoazursport.com\/wp-content\/uploads\/2020\/08\/118177802_310203226873641_246982409896111349_n-212x300.jpg 212w, http:\/\/taekwondoazursport.com\/wp-content\/uploads\/2020\/08\/118177802_310203226873641_246982409896111349_n-768x1087.jpg 768w, http:\/\/taekwondoazursport.com\/wp-content\/uploads\/2020\/08\/118177802_310203226873641_246982409896111349_n-723x1024.jpg 723w, http:\/\/taekwondoazursport.com\/wp-content\/uploads\/2020\/08\/118177802_310203226873641_246982409896111349_n.jpg 1125w\" sizes=\"auto, (max-width: 375px) 100vw, 375px\" \/><\/a><\/p>\n<blockquote>\n<h1 style=\"text-align: center;\"><a href=\"http:\/\/taekwondoazursport.com\/wp-content\/uploads\/2018\/08\/fly2018-1.jpg\"><br \/><\/a>\u00a0 \u00a0 \u00a0 \u00a0 \u00a0 \u00a0\u00a0<\/h1>\n<\/blockquote>\n<h1 style=\"text-align: center;\">\u00a0<\/h1>\n<h1 style=\"text-align: center;\">\u00a0<\/h1>\n<h1 style=\"text-align: center;\">Partenaires<\/h1>\n<p>\u00a0<\/p>\n<p>\u00a0<\/p>\n<table style=\"height: 176px;\" border=\"0\" width=\"635\">\n<tbody>\n<tr>\n<td>\u00a0<\/td>\n<td>\u00a0<\/td>\n<td>\n<div align=\"center\"><a href=\"http:\/\/www.nice.fr\/\" target=\"_blank\" rel=\"noopener noreferrer\"><img loading=\"lazy\" decoding=\"async\" class=\"alignleft\" src=\"http:\/\/taekwondoazursport.com\/wp-content\/uploads\/2013\/09\/logo-nicecotedazur.jpg\" alt=\"logo-nicecotedazur\" width=\"185\" height=\"122\" \/><\/a><a href=\"http:\/\/www.cg06.fr\/\" target=\"_blank\" rel=\"noopener noreferrer\"><img loading=\"lazy\" decoding=\"async\" class=\"alignleft\" src=\"http:\/\/taekwondoazursport.com\/wp-content\/uploads\/2013\/09\/logo_cg06.jpg\" alt=\"logo_cg06\" width=\"209\" height=\"141\" \/><\/a><a href=\"http:\/\/taekwondoazursport.com\/wp-content\/uploads\/2018\/08\/logo-ace-copie.jpg\"><img loading=\"lazy\" decoding=\"async\" class=\"wp-image-465 alignleft\" src=\"http:\/\/taekwondoazursport.com\/wp-content\/uploads\/2018\/08\/logo-ace-copie-300x300.jpg\" alt=\"\" width=\"152\" height=\"152\" srcset=\"http:\/\/taekwondoazursport.com\/wp-content\/uploads\/2018\/08\/logo-ace-copie-300x300.jpg 300w, http:\/\/taekwondoazursport.com\/wp-content\/uploads\/2018\/08\/logo-ace-copie-150x150.jpg 150w, http:\/\/taekwondoazursport.com\/wp-content\/uploads\/2018\/08\/logo-ace-copie-768x768.jpg 768w, http:\/\/taekwondoazursport.com\/wp-content\/uploads\/2018\/08\/logo-ace-copie-1024x1024.jpg 1024w, http:\/\/taekwondoazursport.com\/wp-content\/uploads\/2018\/08\/logo-ace-copie.jpg 1063w\" sizes=\"auto, (max-width: 152px) 100vw, 152px\" \/><\/a><\/div>\n<\/td>\n<\/tr>\n<\/tbody>\n<\/table>\n<p><iframe loading=\"lazy\" src=\"https:\/\/player.vimeo.com\/video\/79672109\" width=\"854\" height=\"480\" frameborder=\"0\" allowfullscreen=\"allowfullscreen\"><\/iframe><\/p>\n<p>\u00a0<\/p>\n\n","protected":false},"excerpt":{"rendered":"<p>REPRISE DES COURS D\u00e8s Lundi 8 Septembre 2025 \u00e0 travers nos diff\u00e9rentes sections sur NICE! LUNDI 8 septembre 2025 : Section enfants Fuon Cauda: 18H15 \u00e0 19H15\u00a0 Section enfants Rancher 17H00 \u00e0 18H00\u00a0 MARDI 9 septembre 2025 :\u00a0 Section adultes Fuon Cauda de 20 h00 \u00e0 21 H 30 MERCREDI 10 septembre 2025 : Section [&#8230;]\n","protected":false},"author":1,"featured_media":0,"parent":0,"menu_order":0,"comment_status":"closed","ping_status":"closed","template":"","meta":{"footnotes":""},"class_list":["post-38","page","type-page","status-publish","hentry"],"_links":{"self":[{"href":"http:\/\/taekwondoazursport.com\/index.php?rest_route=\/wp\/v2\/pages\/38","targetHints":{"allow":["GET"]}}],"collection":[{"href":"http:\/\/taekwondoazursport.com\/index.php?rest_route=\/wp\/v2\/pages"}],"about":[{"href":"http:\/\/taekwondoazursport.com\/index.php?rest_route=\/wp\/v2\/types\/page"}],"author":[{"embeddable":true,"href":"http:\/\/taekwondoazursport.com\/index.php?rest_route=\/wp\/v2\/users\/1"}],"replies":[{"embeddable":true,"href":"http:\/\/taekwondoazursport.com\/index.php?rest_route=%2Fwp%2Fv2%2Fcomments&post=38"}],"version-history":[{"count":76,"href":"http:\/\/taekwondoazursport.com\/index.php?rest_route=\/wp\/v2\/pages\/38\/revisions"}],"predecessor-version":[{"id":1575,"href":"http:\/\/taekwondoazursport.com\/index.php?rest_route=\/wp\/v2\/pages\/38\/revisions\/1575"}],"wp:attachment":[{"href":"http:\/\/taekwondoazursport.com\/index.php?rest_route=%2Fwp%2Fv2%2Fmedia&parent=38"}],"curies":[{"name":"wp","href":"https:\/\/api.w.org\/{rel}","templated":true}]}}