{"id":513,"date":"2018-08-24T14:15:46","date_gmt":"2018-08-24T13:15:46","guid":{"rendered":"http:\/\/taekwondoazursport.com\/?page_id=513"},"modified":"2019-09-04T19:52:04","modified_gmt":"2019-09-04T18:52:04","slug":"terminologie-lexique","status":"publish","type":"page","link":"http:\/\/taekwondoazursport.com\/?page_id=513","title":{"rendered":"Terminologie &#8211; Lexique"},"content":{"rendered":"<p>&nbsp;<a href=\"http:\/\/taekwondoazursport.com\/wp-content\/uploads\/2018\/08\/drapeaucoree.jpg\"><img loading=\"lazy\" decoding=\"async\" width=\"314\" height=\"205\" class=\"wp-image-514 aligncenter\" alt=\"\" src=\"http:\/\/taekwondoazursport.com\/wp-content\/uploads\/2018\/08\/drapeaucoree.jpg\"><\/a><\/p>\n<h1>LEXIQUE ET TECHNIQUES<\/h1>\n<p>&nbsp;<\/p>\n<p>Voici un descriptif de la terminologie adopt\u00e9e pour d\u00e9crire les techniques de Taekwondo. La romanisation du hang\u00fbl (l&rsquo;alphabet cor\u00e9en) est changeante, pour vous y retrouver entre diff\u00e9rents ouvrages, fiez vous \u00e0 la phon\u00e9tique et non \u00e0 l&rsquo;orthographe.<br \/>\nLa m\u00e9thode officielle du Kukkiwon (centre national cor\u00e9en et r\u00e9f\u00e9rence mondiale) pour d\u00e9nommer les techniques est :<\/p>\n<ul>\n<li>1- Partie du corps utilis\u00e9e<\/li>\n<li>2 &#8211; Niveau attaqu\u00e9<\/li>\n<li>3 &#8211; Sp\u00e9cificit\u00e9 de trajectoire \u00e9ventuelle<\/li>\n<li>4 &#8211; Famille de la technique<\/li>\n<\/ul>\n<p>Exemple 1 :<br \/>\n\u00ab\u00a0han sonnal eulgoul bitureo makki\u00a0\u00bb (1 &#8211; han sonnal : tranchant de une main, 2 &#8211; eulgoul : au niveau haut, 3 &#8211; bitureo : en torsion\/vrille, 4 &#8211; makki : defense) = D\u00e9fense au niveau haut avec un tranchant de main et vrille du corps.<\/p>\n<p>Exemple 2 :<br \/>\n\u00ab\u00a0ap tchuk mureup tollyo chagui\u00a0\u00bb (1 &#8211; ap tchuk : avant de la plante du pied, 2 &#8211; mureup : au genou, 3 &#8211; tollyo : circulaire, 4 &#8211; chagui : frappe de jambe) = coup de pied circulaire dans le genou en frappant avec le dessous des orteils.<\/p>\n<p>&nbsp;<\/p>\n<h2>Les bases<\/h2>\n<p>Voici un r\u00e9sum\u00e9 des principaux termes. A mesure de votre progression il vous faudra conna\u00eetre la toute la terminologie correspondant \u00e0 votre grade. Voir les documents t\u00e9l\u00e9chargeables sur la page \u00ab\u00a0passage de grade\u00a0\u00bb.<\/p>\n<p>&nbsp;<\/p>\n<ul>\n<li>\n<h2><u>Nombres:<\/u><\/h2>\n<\/li>\n<\/ul>\n<p>&nbsp;<\/p>\n<p>1: <em>Hana<\/em>&nbsp;&nbsp;&nbsp;&nbsp;&nbsp;&nbsp;&nbsp;&nbsp;&nbsp;&nbsp;&nbsp;&nbsp;&nbsp;&nbsp;&nbsp;&nbsp;&nbsp;&nbsp;&nbsp; 6. <em>Y\u00f4s\u00f4t<\/em><\/p>\n<p>2: <em>Dul<\/em>&nbsp;&nbsp;&nbsp;&nbsp;&nbsp;&nbsp;&nbsp;&nbsp;&nbsp;&nbsp;&nbsp;&nbsp;&nbsp;&nbsp;&nbsp;&nbsp;&nbsp;&nbsp;&nbsp;&nbsp;&nbsp;&nbsp;&nbsp; 7. <em>Ilgop<\/em><\/p>\n<p>3: <em>Set<\/em>&nbsp;&nbsp;&nbsp;&nbsp;&nbsp;&nbsp;&nbsp;&nbsp;&nbsp;&nbsp;&nbsp;&nbsp;&nbsp;&nbsp;&nbsp;&nbsp;&nbsp;&nbsp;&nbsp;&nbsp;&nbsp;&nbsp;&nbsp; 8. <em>Yod\u00f4l<\/em><\/p>\n<p>4. <em>Net<\/em>&nbsp;&nbsp;&nbsp;&nbsp;&nbsp;&nbsp;&nbsp;&nbsp;&nbsp;&nbsp;&nbsp;&nbsp;&nbsp;&nbsp;&nbsp;&nbsp;&nbsp;&nbsp;&nbsp;&nbsp;&nbsp;&nbsp;&nbsp; 9. <em>Ahop<\/em><\/p>\n<p>5. <em>Das\u00f4t&nbsp;<\/em>&nbsp;&nbsp;&nbsp;&nbsp;&nbsp;&nbsp;&nbsp;&nbsp;&nbsp;&nbsp;&nbsp;&nbsp;&nbsp;&nbsp;&nbsp;&nbsp;&nbsp; 10. <em>Y\u00f4l<\/em>&nbsp;<\/p>\n<p>&nbsp;<\/p>\n<ul>\n<li>\n<h2><u>Commandements:<\/u><\/h2>\n<\/li>\n<\/ul>\n<p>&nbsp;<\/p>\n<p><em>Tcha Ry\u00f4t<\/em>: garde \u00e0 vous&nbsp;<\/p>\n<p><em>Kyong Rye<\/em>: saluez<\/p>\n<p><em>Jumbi<\/em>: en position de d\u00e9part (pr\u00eat)<\/p>\n<p><em>Ky\u00f4rugui jumbi<\/em>: en position de combat<\/p>\n<p><em>Si jak<\/em>: commencez (partez)<\/p>\n<p><em>Kuman<\/em>: arr\u00eatez<\/p>\n<p><em>Swio<\/em>: repos<\/p>\n<p><em>Kal Ry\u00f4<\/em>: \u00e9cartez-vous<\/p>\n<p><em>Baro<\/em>: revenez en position initiale<\/p>\n<p><em>Chong<\/em>: bleu<\/p>\n<p><em>Hong<\/em>: rouge<\/p>\n<p><em>Chong S\u00fbng<\/em>: bleu gagne<\/p>\n<p><em>Hong S\u00fbng<\/em>: rouge gagne<\/p>\n<p><em>Duiro dora<\/em>: demi-tour<\/p>\n<p>&nbsp;<\/p>\n<ul>\n<li style=\"list-style-type: none;\">\n<ul>\n<li>\n<h2>G\u00e9n\u00e9ralit\u00e9<\/h2>\n<\/li>\n<\/ul>\n<\/li>\n<\/ul>\n<p>&nbsp;<\/p>\n<p>Mu Do : voie martiale<br \/>\nMu Ye : art martial<br \/>\nMu Sul : techniques martiales<br \/>\nAp : avant<br \/>\nTit : arri\u00e8re<br \/>\nYop : de cot\u00e9<br \/>\nNellyo : descendant (percussion)<br \/>\nNullo : descendant (pression)<br \/>\nOllyo : ascendant<br \/>\nTollyo : circulaire<br \/>\nAn : vers l&rsquo;int\u00e9rieur<br \/>\nBakkat : vers l&rsquo;ext\u00e9rieur<br \/>\nAl\u00e9 : niveau bas<br \/>\nMontong : niveau moyen<br \/>\nEulgoul : niveau haut<br \/>\nOreun : droite<br \/>\nWen : gauche<br \/>\nIl, y, sam, sa, oh (chiffres d&rsquo;alg\u00e8bre) : 1, 2, 3, 4, 5<br \/>\nYouk, Tchil, Pal, Ku, Ship (suite) : 6, 7, 8, 9, 10<br \/>\nHan, dul, set, net, dassot (pour d\u00e9nombrer\/compter) : 1, 2, 3, 4, 5<br \/>\nYossot, Il-gop, Yodol, Ahop, Yol : 6, 7, 8, 9, 10<br \/>\nKibon : base<br \/>\nKibon dongjak : mouvements de base<br \/>\nTchalyot : garde \u00e0 vous<br \/>\nKyongnye : saluez<br \/>\nJabki : saisie<br \/>\nKukki : pression \/ clef articulaire<br \/>\nJitzitki : marteler \/ pilonner<br \/>\nPaegi : d\u00e9saisie<br \/>\nPyojeok : (frappe) sur cible<br \/>\nOpo : main horizontale<br \/>\nSewo : main verticale<br \/>\nJetcho : main retourn\u00e9e (paume vers le ciel)<br \/>\nBitureo : torsion<\/p>\n<p>&nbsp;<\/p>\n<p>&nbsp;<\/p>\n<ul>\n<li style=\"list-style-type: none;\">\n<ul>\n<li>\n<h2>Partie du corps<\/h2>\n<\/li>\n<\/ul>\n<\/li>\n<\/ul>\n<p>&nbsp;<\/p>\n<p>Son : la main<br \/>\nSonmok : poignet<br \/>\nSonnal : tranchant de la main<br \/>\nSonnal Deung : revers du tranchant de la main (cot\u00e9 pouce)<br \/>\nSonkarat : doigts de la main<br \/>\nPyon son :&nbsp;main \u00e0 plat<br \/>\nPyon son keut :&nbsp;pique de doigts (litt\u00e9ralement : extr\u00e9mit\u00e9\/bout de la main \u00e0 plat)<br \/>\nBatang son : paume de la main<br \/>\nBal : pied<br \/>\nBalnal : tranchant du pied<br \/>\nBalnal Deung : tranchant interne du pied (cot\u00e9 gros orteil)<br \/>\nBalkeut : pique des orteils (litt\u00e9ralement : extr\u00e9mit\u00e9\/bout du pied)<br \/>\nAp bal : pied de la jambe avant<br \/>\nTit bal : pied de la jambe arri\u00e8re<br \/>\nDari : jambe<br \/>\nJoumeuk : le poing<br \/>\nDeung joumeuk : revers du poing<br \/>\nMe joumeuk : dessous du poing (marteau)<br \/>\nPalmok : avant bras<br \/>\nAn palmok : partie interne de l&rsquo;avant bras<br \/>\nBakkat palmok : partie externe de l&rsquo;avant bras (par convention on ne le pr\u00e9cise pas)<br \/>\nPalkoup : coude<br \/>\nAp tchuk : avant de la plante du pied<br \/>\nTit tchuk : arri\u00e8re de la plante du pied<br \/>\nTit kumchi : arri\u00e8re du talon<br \/>\nMureup : genou<br \/>\nMok : cou<br \/>\nTeok : machoire<br \/>\nMori : t\u00eate<\/p>\n<p>&nbsp;<\/p>\n<ul>\n<li style=\"list-style-type: none;\">\n<ul>\n<li>\n<h2>Position : \u00ab\u00a0seugui\u00a0\u00bb<\/h2>\n<\/li>\n<\/ul>\n<\/li>\n<\/ul>\n<p>&nbsp;<\/p>\n<p>Naranhi seugui : position pieds largeur \u00e9paule<br \/>\n(kibon) Jounbi seugui : position de pr\u00e9paration<br \/>\nKyorugui jounbi seugui : pr\u00e9parez-vous au combat (en garde)<br \/>\nMoa seugui : position pieds joints<br \/>\nAp seugui : position de marche en avant<br \/>\nAp koubi seugui : position fl\u00e9chie vers l&rsquo;avant<br \/>\nTit koubi seugui : position fl\u00e9chie vers l&rsquo;arri\u00e8re<br \/>\nJoutchoum seugui : position du cavalier<br \/>\nBeom seugui : position du tigre<br \/>\nAp koa seugui : position jambe crois\u00e9e, talon avant lev\u00e9, d\u00e9placement sur le c\u00f4t\u00e9<br \/>\nTit koa seugui : position jambe crois\u00e9e, talon arri\u00e8re lev\u00e9, d\u00e9placement vers l&rsquo;avant<\/p>\n<p>&nbsp;<\/p>\n<ul>\n<li style=\"list-style-type: none;\">\n<ul>\n<li>\n<h2>D\u00e9fense : \u00ab\u00a0makki\u00a0\u00bb<\/h2>\n<\/li>\n<\/ul>\n<\/li>\n<\/ul>\n<p>&nbsp;<\/p>\n<p>Ale makki : d\u00e9fense niveau bas<br \/>\nMontong makki : d\u00e9fense niveau moyen vers l&rsquo;int\u00e9rieur<br \/>\nMontong an makki : d\u00e9fense niveau moyen vers l&rsquo;int\u00e9rieur c\u00f4t\u00e9 jambe arri\u00e8re<br \/>\nMontong bakkat makki : d\u00e9fense niveau moyen vers l&rsquo;ext\u00e9rieur<br \/>\nEulgoul makki : d\u00e9fense niveau haut<br \/>\nSonnal makki : d\u00e9fense avec tranchants des mains<br \/>\nHan sonnal makki : d\u00e9fense avec tranchant d&rsquo;une main<br \/>\nBatang son makki : d\u00e9fense paume de la main<br \/>\nAn palmok bakkat makki : d\u00e9fense vers l&rsquo;ext\u00e9rieur avec l&rsquo;int\u00e9rieur de l&rsquo;avant bras<br \/>\nGodureo makki : d\u00e9fense renforc\u00e9e (deux bras)<br \/>\nEut keuleu makki : d\u00e9fense crois\u00e9e (deux bras)<br \/>\nHetcho makki : d\u00e9fense pouss\u00e9e (deux bras)<br \/>\nKawi makki : d\u00e9fense ciseaux (deux bras)<\/p>\n<p>&nbsp;<\/p>\n<ul>\n<li style=\"list-style-type: none;\">\n<ul>\n<li>\n<h2>Attaque de pied : \u00ab\u00a0tchagui\u00a0\u00bb<\/h2>\n<\/li>\n<\/ul>\n<\/li>\n<\/ul>\n<p>&nbsp;<\/p>\n<p>Ap tchagui : coup de pied de face<br \/>\nYop tchagui : coup de pied de cot\u00e9<br \/>\nTollyo tchagui : coup de pied circulaire<br \/>\nTit tchagui : coup de pied vers l&rsquo;arri\u00e8re<br \/>\nBand\u00e9 tollyo tchagui (ou Momtollyo tchagui) : coup de pied retourn\u00e9 circulaire<br \/>\nPit (ou Bandal ou Aptollyo) tchagui : coup de pied semi circulaire de comp\u00e9tition<br \/>\nKoro pit tchagui : pit tchagui jambe avant avec d\u00e9placement simultan\u00e9<br \/>\nHoeri tchagui ou duiro dora bandal tchagui: coup de pied avec rotation 360\u00b0 (ex 360 pit)<br \/>\nTuyo tchagui : coup de pied saut\u00e9<br \/>\nDubal dangseong tchagui : 2 coups de pieds saut\u00e9s et altern\u00e9Modeum bal tchagui : coup de pied pieds joints<br \/>\nMouroup tchigui: frappe avec le coup de genou<br \/>\nPyojok tchagui: coup de pied circulaire dans l&rsquo;autre main qui sert de cible<br \/>\nKahui tchagui: coups de pied simultan\u00e9s contre deux adversaires en sautant<br \/>\nDuit tchagui: coup de pied en arri\u00e8re<br \/>\nBiteuleu tchagui: coup de pied dans un mouvement de torsion<br \/>\nMileu tchagui: coup de pied pouss\u00e9 ( d\u00e9fonce porte )<br \/>\nNakkeu tchagui: coup de pied port\u00e9 horizontalement avec la jambe pli\u00e9e vers l&rsquo;ext\u00e9rieur<br \/>\nFrouryo tchagui: coup de pied \u00ab\u00a0fouett\u00e9, touchant puis d\u00e9passant la cible<br \/>\nNaeryo tchagui: coup de pied \u00ab\u00a0marteau\u00a0\u00bb (mouvement descendant)<br \/>\nAn tchagui: coup de pied vers l&rsquo;int\u00e9rieur<br \/>\nBakkat tchagui: coup de pied dans un mouvement vers l&rsquo;ext\u00e9rieur<\/p>\n<p>&nbsp;<\/p>\n<ul>\n<li style=\"list-style-type: none;\">\n<ul>\n<li>\n<h3>Attaque coup de poing direct \u00ab\u00a0p\u00e9n\u00e9trant\u00a0\u00bb : \u00ab\u00a0jileugui\u00a0\u00bb<\/h3>\n<\/li>\n<\/ul>\n<\/li>\n<\/ul>\n<p>&nbsp;<\/p>\n<p>Montong (Band\u00e9) jileugui : coup de poing niveau moyen cot\u00e9 jambe avant<br \/>\nEulgoul balo jileugui : coup de poing niveau haut cot\u00e9 jambe arri\u00e8re<\/p>\n<p>&nbsp;<\/p>\n<ul>\n<li style=\"list-style-type: none;\">\n<ul>\n<li>\n<h3>Attaque percussion indirecte \u00ab\u00a0fouett\u00e9e\u00a0\u00bb : \u00ab\u00a0tchigui\u00a0\u00bb<\/h3>\n<\/li>\n<\/ul>\n<\/li>\n<\/ul>\n<p>&nbsp;<\/p>\n<p>Deung joumok eulgoul ap tchigui : frappe directe revers de poing sous le nez<br \/>\nPalkoup tollyo tchigui : frappe de coude circulaire<br \/>\nBatangson tok tchigui : frappe de la paume de la main dans la m\u00e2choire<br \/>\nSonnal mok tchigui : frappe tranchant de la main au cou<br \/>\nJebi poom mok tchigui : idem + blocage haut avec tranchant de main simultan\u00e9<br \/>\nMureup tchigui : coup de genou<\/p>\n<p>&nbsp;<\/p>\n<ul>\n<li style=\"list-style-type: none;\">\n<ul>\n<li>\n<h3>Attaque p\u00e9n\u00e9trante pointes des doigts : \u00ab\u00a0tzileugui\u00a0\u00bb<\/h3>\n<\/li>\n<\/ul>\n<\/li>\n<\/ul>\n<p>&nbsp;<\/p>\n<p>Pyonsonkeut sewo tzileugui : frappe p\u00e9n\u00e9trantes des doigts, main \u00e0 la verticale (plexus)<\/p>\n","protected":false},"excerpt":{"rendered":"<p>&nbsp; LEXIQUE ET TECHNIQUES &nbsp; Voici un descriptif de la terminologie adopt\u00e9e pour d\u00e9crire les techniques de Taekwondo. La romanisation du hang\u00fbl (l&rsquo;alphabet cor\u00e9en) est changeante, pour vous y retrouver entre diff\u00e9rents ouvrages, fiez vous \u00e0 la phon\u00e9tique et non \u00e0 l&rsquo;orthographe. La m\u00e9thode officielle du Kukkiwon (centre national cor\u00e9en et r\u00e9f\u00e9rence mondiale) pour d\u00e9nommer [&#8230;]\n","protected":false},"author":1,"featured_media":0,"parent":492,"menu_order":0,"comment_status":"closed","ping_status":"closed","template":"","meta":{"footnotes":""},"class_list":["post-513","page","type-page","status-publish","hentry"],"_links":{"self":[{"href":"http:\/\/taekwondoazursport.com\/index.php?rest_route=\/wp\/v2\/pages\/513","targetHints":{"allow":["GET"]}}],"collection":[{"href":"http:\/\/taekwondoazursport.com\/index.php?rest_route=\/wp\/v2\/pages"}],"about":[{"href":"http:\/\/taekwondoazursport.com\/index.php?rest_route=\/wp\/v2\/types\/page"}],"author":[{"embeddable":true,"href":"http:\/\/taekwondoazursport.com\/index.php?rest_route=\/wp\/v2\/users\/1"}],"replies":[{"embeddable":true,"href":"http:\/\/taekwondoazursport.com\/index.php?rest_route=%2Fwp%2Fv2%2Fcomments&post=513"}],"version-history":[{"count":6,"href":"http:\/\/taekwondoazursport.com\/index.php?rest_route=\/wp\/v2\/pages\/513\/revisions"}],"predecessor-version":[{"id":533,"href":"http:\/\/taekwondoazursport.com\/index.php?rest_route=\/wp\/v2\/pages\/513\/revisions\/533"}],"up":[{"embeddable":true,"href":"http:\/\/taekwondoazursport.com\/index.php?rest_route=\/wp\/v2\/pages\/492"}],"wp:attachment":[{"href":"http:\/\/taekwondoazursport.com\/index.php?rest_route=%2Fwp%2Fv2%2Fmedia&parent=513"}],"curies":[{"name":"wp","href":"https:\/\/api.w.org\/{rel}","templated":true}]}}