{"id":540,"date":"2018-08-25T10:19:38","date_gmt":"2018-08-25T09:19:38","guid":{"rendered":"http:\/\/taekwondoazursport.com\/?page_id=540"},"modified":"2018-08-26T16:47:14","modified_gmt":"2018-08-26T15:47:14","slug":"regles-de-combat-arbitrage","status":"publish","type":"page","link":"http:\/\/taekwondoazursport.com\/?page_id=540","title":{"rendered":"r\u00e8gles de combat \/ arbitrage"},"content":{"rendered":"<p><a href=\"http:\/\/taekwondoazursport.com\/wp-content\/uploads\/2018\/08\/WTFlogo.jpg\"><img loading=\"lazy\" decoding=\"async\" class=\"alignnone size-medium wp-image-504\" src=\"http:\/\/taekwondoazursport.com\/wp-content\/uploads\/2018\/08\/WTFlogo-300x123.jpg\" alt=\"\" width=\"300\" height=\"123\" \/><\/a> <a href=\"http:\/\/taekwondoazursport.com\/wp-content\/uploads\/2018\/08\/LOGO-FFTDA.jpg\"><img loading=\"lazy\" decoding=\"async\" class=\"alignnone wp-image-503\" src=\"http:\/\/taekwondoazursport.com\/wp-content\/uploads\/2018\/08\/LOGO-FFTDA-297x300.jpg\" alt=\"\" width=\"360\" height=\"364\" srcset=\"http:\/\/taekwondoazursport.com\/wp-content\/uploads\/2018\/08\/LOGO-FFTDA-297x300.jpg 297w, http:\/\/taekwondoazursport.com\/wp-content\/uploads\/2018\/08\/LOGO-FFTDA.jpg 591w\" sizes=\"auto, (max-width: 360px) 100vw, 360px\" \/><\/a><\/p>\n<h1><u>Principes :<\/u><\/h1>\n<p>Le but est de marquer le plus grand nombre de points. Les coups de poings au niveau de la t\u00eate et les coups de pieds en dessous de la ceintures sont strictement interdits.\u00a0Seules les touches du poing au plastron et\u00a0les touches du pied au plastron et au casque sont valid\u00e9es. Les touches du pieds au visage ne sont pas comptabilis\u00e9es. En cas de knockdown, l&rsquo;arbitre effectue le comptage jusqu&rsquo;\u00e0 8 ou 10. Il est ensuite le seul \u00e0 d\u00e9cider s&rsquo;il accorde les points correspondants\u00a0du coup de pied.<\/p>\n<p>Comptabilisation des touches :\u00a0Une touche du poing au plastron = 1 point, une touche direct du pied au plastron = 2\u00a0points, une touche du pied au plastron avec rotation du corps = 4\u00a0points,\u00a0une touche direct du pied\u00a0\u00e0 la t\u00eate = 3\u00a0points, une touche du pied \u00e0 la t\u00eate avec rotation du corps = 5\u00a0points.<\/p>\n<h1><u>R\u00e8gles de combat :<\/u><\/h1>\n<p>Les comp\u00e9titions de combats sont soumises \u00e0 des r\u00e8gles tr\u00e8s strictes qui peuvent para\u00eetre tr\u00e8s compliqu\u00e9es pour les novices.\u00a0Les\u00a0motifs de fautes sont nombreux, tels que\u00a0tenir sont adversaire, lui retenir la jambe, mettre un pied en dehors\u00a0de la surface de combat, chuter, garder sa jambe lev\u00e9e plus de 3 secondes ou lever la jambe sans frapper, ou encore effectuer un retrait de plus de deux pas. Le combattant qui chute et ne se rel\u00e9ve pas dans les 3 secondes perd le combat (sauf en cas de blessure). Les fautes sont sanctionn\u00e9es par un \u00ab\u00a0Gam Jeom\u00a0\u00bb\u00a0(p\u00e9nalit\u00e9 de -1 point). Le combattant qui totalise\u00a010 p\u00e9nalit\u00e9s est d\u00e9clar\u00e9 vaincu. Le combattant\u00a0ayant cr\u00e9\u00e9 un \u00e9cart de 20\u00a0points \u00e0 l&rsquo;issue du second round est d\u00e9clar\u00e9 vainqueur (Cette r\u00e8gle ne s&rsquo;applique pas lors des combats de demi-finales et finales).\u00a0Les combats se gagnent aux points, mais \u00e9galement\u00a0par K.O, abandon, d\u00e9cision de l&rsquo;arbitre, forfait, fautes commises par l&rsquo;adversaire ou incapacit\u00e9 de l&rsquo;adversaire \u00e0 reprendre le combat. Les combats se d\u00e9roulent en trois rounds d&rsquo;une dur\u00e9e variable selon la cat\u00e9gorie d&rsquo;\u00e2ge des combattants. En cas d&rsquo;\u00e9galit\u00e9 \u00e0 l&rsquo;issue du troisi\u00e8me round, un quatri\u00e8me round \u00ab\u00a0Golden Round\u00a0\u00bb d&rsquo;une minute aura lieu pour d\u00e9partager les combattants. Lors de ce round,\u00a0le premier combattant qui marque 2 points sera d\u00e9clar\u00e9 vainqueur. Celui qui aura totalis\u00e9 deux \u00ab\u00a0Gam Jeon\u00a0\u00bb sera d\u00e9clar\u00e9 perdant.<\/p>\n<p>L&rsquo;aire de combats octogonale mesure\u00a08\u00a0m de diam\u00e8tre. Les combattants se diff\u00e9rencient par la couleur du plastron et du casque, bleu (Chung) ou rouge (Hong).\u00a0L&rsquo;utilisation de plastrons \u00e9lectroniques pour le comptage des points\u00a0est apparue en 2008 et le casque \u00e9lectronique a \u00e9t\u00e9 adopt\u00e9 en 2016.<\/p>\n<p><a href=\"http:\/\/taekwondoazursport.com\/wp-content\/uploads\/2018\/08\/aire-combat-comp\u00e9tition.png\"><img loading=\"lazy\" decoding=\"async\" class=\"alignnone wp-image-542\" src=\"http:\/\/taekwondoazursport.com\/wp-content\/uploads\/2018\/08\/aire-combat-comp\u00e9tition-300x215.png\" alt=\"\" width=\"479\" height=\"343\" srcset=\"http:\/\/taekwondoazursport.com\/wp-content\/uploads\/2018\/08\/aire-combat-comp\u00e9tition-300x215.png 300w, http:\/\/taekwondoazursport.com\/wp-content\/uploads\/2018\/08\/aire-combat-comp\u00e9tition-768x550.png 768w, http:\/\/taekwondoazursport.com\/wp-content\/uploads\/2018\/08\/aire-combat-comp\u00e9tition.png 783w\" sizes=\"auto, (max-width: 479px) 100vw, 479px\" \/><\/a><\/p>\n<p>&nbsp;<\/p>\n<p>&nbsp;<\/p>\n<p>Ceux-ci\u00a0sont munis de capteurs sur leur surface. Les \u00ab\u00a0pitaines\u00a0\u00bb\u00a0(protections de pieds)\u00a0sont munies de\u00a0capteurs plac\u00e9s sur le dessus du pied, la tranche interne, au niveau de la voute plantaire et du talon. Les points sont informatiquement comptabilis\u00e9s quand les capteurs des pitaines entre en contact avec ceux du casque et ceux du plastron en atteignant le seuil de puissance \u00e9xig\u00e9 pour la cat\u00e9gorie de poids. Les coups de poings au plastron (Les gants ne poss\u00e9dent pas de capteurs pour le moment)\u00a0sont valid\u00e9s par trois juges de coins (au moins deux juges sur les trois doivent valider le point pour qu&rsquo;il soit comptabilis\u00e9).\u00a0Les coachs peuvent \u00e9mettre une r\u00e9clamation lorsqu&rsquo;ils estiment qu&rsquo;une faute n&rsquo;a pas \u00e9t\u00e9 sanctionn\u00e9e ou encore que des points sur un\u00a0coup\u00a0de pied\u00a0avec rotation n&rsquo;ont pas \u00e9t\u00e9 ajout\u00e9s. Pour cela, ils\u00a0b\u00e9n\u00e9ficient d&rsquo;un Quota de r\u00e9clamations et d&rsquo;une carte (de la couleur de leur\u00a0combattant) qu&rsquo;ils remettent \u00e0 l&rsquo;arbitre lors de sa r\u00e9clamation.<\/p>\n<p>&nbsp;<\/p>\n<p>Les comp\u00e9titeurs doivent porter un Do-bok blanc avec un col noire pour les ceintures noires, un col blanc pour les keups (ceintures en dessous de la noire) et rouge et noire pour les pooms (candidat de\u00a0moins de seize ans ayant pass\u00e9 avec succ\u00e8s l&rsquo;examen du 1er dan), la ceinture correspondant \u00e0 leur grade, ainsi que les protections r\u00e9glementaires correspondant \u00e0 leur cat\u00e9gorie d&rsquo;\u00e2ge.<\/p>\n<p>Les \u00e9volutions technologiques du Taekwondo\u00a0ont pouss\u00e9 les combattants de haut niveau \u00e0 adopter un Taekwondo moderne pr\u00e9f\u00e9rant\u00a0la\u00a0strat\u00e9gie\u00a0et une fa\u00e7on de combattre visant \u00e0\u00a0favoriser\u00a0les touches au casque et les techniques de \u00ab\u00a0jambe\u00a0avant\u00a0\u00bb, d\u00e9laissant fr\u00e9quemment le\u00a0c\u00f4t\u00e9 spectaculaire de l&rsquo;art martial originel, ce qui peut \u00e9ventuellement choquer certains\u00a0puristes et \u00e9tonner les non-initi\u00e9s.<\/p>\n<p>&nbsp;<\/p>\n<h1><u>Dur\u00e9e des combats,\u00a0protections et zones de touches\u00a0par cat\u00e9gories :<\/u><\/h1>\n<p>&nbsp;<\/p>\n<h3>Benjamins :<\/h3>\n<p>3 x 1mn avec 30 secondes de repos entre chaque reprises. Touche du pied et du poing au plastron.<\/p>\n<p>&#8211; Tenue : Dobok col blanc, ceinture.<\/p>\n<p>&#8211; Protections\u00a0tibiales, cubitales, g\u00e9nitale, mitaines, pitaines, casque et plastron.<\/p>\n<p>&nbsp;<\/p>\n<h3>Minimes :<\/h3>\n<p>3 x 1mn avec 30 secondes de repos entre chaque reprises.\u00a0Touche du pied et du poing au plastron.<\/p>\n<p>Protections\u00a0tibiales avec dessus de pied, cubitales, g\u00e9nitale, mitaines, casque et plastron.<\/p>\n<p>&#8211; Tenue : dobok blanc col blanc, ceinture<\/p>\n<p>&nbsp;<\/p>\n<h3>Cadets :<\/h3>\n<p>3 x 1.30mn avec 1mn de repos entre chaque reprises.\u00a0Touche du pied et du poing au niveau du plastron. Touche du pied \u00e0 la t\u00eate.<\/p>\n<p>Tenue : Dobok col blanc pour les keup, col noire et rouge pour les Il Poom.<\/p>\n<p>&#8211; Protections tibiales, cubitale, g\u00e9nitale, mitaines, casque \u00e0 bulle, plastron, pitaines.<\/p>\n<h3>Juniors et seniors :<\/h3>\n<p>3 x 2mn avec 1mn de repos entre chaque reprises. Touche du pied et du poing au plastron, Touche du pied \u00e0 la t\u00eate.<\/p>\n<p>&#8211; Protections : Protections cubitale, tibiale, g\u00e9nitale, plastron, casque, prot\u00e8ge dents, mitaines, pitaines<\/p>\n<p>&nbsp;<\/p>\n<h3 align=\"left\">V\u00e9t\u00e9rans\u00a0:<\/h3>\n<p>3 x 1.30mn avec 1mn de repos entre chaque reprises.\u00a0Touche du pied et du point au niveau du plastron, touche du pied au casque.<\/p>\n<p>&#8211; Protections tibiales, cubitale, g\u00e9nitale, plastron, casque \u00e0 bulle, mitaines, pitaines.<\/p>\n<p>&nbsp;<\/p>\n<p>&nbsp;<\/p>\n<h1>Cat\u00e9gories de poids\u00a0:<\/h1>\n<p>&nbsp;<\/p>\n<h3>Benjamins : 9 et 10 ans.<\/h3>\n<p>Masculins\u00a0 :-21kg,-24 kg,-27 kg,\u00a0-30 kg, -33 kg, -37 kg, -41kg, -45kg, -49 kg, +49kg.<\/p>\n<p>F\u00e9minines\u00a0 : -17 kg, -20 kg, -23 kg, -26 kg, -29 kg, -33 kg, -37 kg, -41 kg,-44kg,+44kg.<\/p>\n<p>&nbsp;<\/p>\n<h3>Minimes : 11 et 12 ans.<\/h3>\n<p>Masculins : -27 kg, -30 kg, -33 kg, -37 kg,\u00a041 kg, -45 kg, -49 kg, -53 kg,\u00a0-57 kg, +57 kg.<\/p>\n<p>F\u00e9minines : -23 kg, -26 kg, -29 kg, -33 kg, -37 kg, -41 kg, -44 kg, -47 kg,\u00a0-51 kg, +521kg.<\/p>\n<p>&nbsp;<\/p>\n<h3>Cadets : 13 et 14 ans.<\/h3>\n<p>Masculins : -33 kg,\u00a0-37 kg, -41 kg, -45 kg, -49 kg, -53 kg, -57 kg, -61 kg, -65 kg, +65 kg.<\/p>\n<p>F\u00e9minines : -29 kg, -33 kg, -37 kg,\u00a0-41 kg, -44 kg, -47 kg, -51 kg, -55 kg, -59 kg,\u00a0+59 kg.<\/p>\n<p>&nbsp;<\/p>\n<h3>Juniors : 15, 16 et 17 ans.<\/h3>\n<p>Masculins : -45 kg, -48 kg, -51 kg, -55 kg, -59 kg, -63 kg, -68 kg, -73 kg, -78 kg, +78 kg.<\/p>\n<p>F\u00e9minines : -42 kg, -44 kg, -46 kg, -49 kg, -52 kg, -55 kg, -59 kg, -63 kg, -68 kg, +68 kg.<\/p>\n<p>&nbsp;<\/p>\n<h3>Seniors : moins de 30 ans.<\/h3>\n<p>Masculins : -54 kg, -58 kg, -63 kg, -68 kg, -74 kg, -80 kg, -87 kg, +87 kg.<\/p>\n<p>F\u00e9minines : -46 kg, -49 kg, -53 kg, -57 kg, -62 kg, -67 kg, -73 kg, +73 kg.<\/p>\n<p>&nbsp;<\/p>\n<h3>V\u00e9t\u00e9rans 1 : 30 et +.<\/h3>\n<p>Masculins : -58 kg, -68 kg, -80 kg, +80 kg.<\/p>\n<p>F\u00e9minines : -49 kg, -57 kg, -67 kg, +67 kg.<\/p>\n<h3><\/h3>\n<h3>V\u00e9t\u00e9rans 2 :\u00a035 ans\u00a0et +.<\/h3>\n<p>Masculins : -58 kg, -68 kg, -80 kg, +80 kg.<\/p>\n<p>F\u00e9minines : -49 kg, -57 kg, -67 kg, +67 kg.<\/p>\n<h3>V\u00e9t\u00e9rans 3 : 40 ans et +<\/h3>\n<p>Masculins : -58 kg, -68 kg, -80 kg, +80 kg.<\/p>\n<p>F\u00e9minines : -49 kg, -57 kg, -67 kg, +67 kg.<\/p>\n<p>&nbsp;<\/p>\n<p>Cat\u00e9gories de poids pour les Jeux Olympiques :<\/p>\n<p>Hommes : -58 kg, -68 kg, -80 kg, +80 kg<\/p>\n<p>Femmes : -49 kg, -57 kg, -67 kg, +67 kg<\/p>\n<p>&nbsp;<\/p>\n<p>&nbsp;<\/p>\n<p>r\u00e9glementation officielle de base FFTDA<\/p>\n<p><a href=\"http:\/\/www.fftda.fr\/files\/file\/REG_ARB_17OFF_V1.pdf\">http:\/\/www.fftda.fr\/files\/file\/REG_ARB_17OFF_V1.pdf<\/a><\/p>\n<p>&nbsp;<\/p>\n<p>r\u00e9glementation officielle FFTDA 2018 :<\/p>\n<p><a href=\"http:\/\/www.fftda.fr\/files\/file\/Competition\/2017%202018\/1_REGL_COMPET_17_OFF.pdf\">http:\/\/www.fftda.fr\/files\/file\/Competition\/2017%202018\/1_REGL_COMPET_17_OFF.pdf<\/a><\/p>\n","protected":false},"excerpt":{"rendered":"<p>Principes : Le but est de marquer le plus grand nombre de points. Les coups de poings au niveau de la t\u00eate et les coups de pieds en dessous de la ceintures sont strictement interdits.\u00a0Seules les touches du poing au plastron et\u00a0les touches du pied au plastron et au casque sont valid\u00e9es. Les touches du [&#8230;]\n","protected":false},"author":1,"featured_media":0,"parent":490,"menu_order":0,"comment_status":"closed","ping_status":"closed","template":"sidebar-content-page.php","meta":{"footnotes":""},"class_list":["post-540","page","type-page","status-publish","hentry"],"_links":{"self":[{"href":"http:\/\/taekwondoazursport.com\/index.php?rest_route=\/wp\/v2\/pages\/540","targetHints":{"allow":["GET"]}}],"collection":[{"href":"http:\/\/taekwondoazursport.com\/index.php?rest_route=\/wp\/v2\/pages"}],"about":[{"href":"http:\/\/taekwondoazursport.com\/index.php?rest_route=\/wp\/v2\/types\/page"}],"author":[{"embeddable":true,"href":"http:\/\/taekwondoazursport.com\/index.php?rest_route=\/wp\/v2\/users\/1"}],"replies":[{"embeddable":true,"href":"http:\/\/taekwondoazursport.com\/index.php?rest_route=%2Fwp%2Fv2%2Fcomments&post=540"}],"version-history":[{"count":4,"href":"http:\/\/taekwondoazursport.com\/index.php?rest_route=\/wp\/v2\/pages\/540\/revisions"}],"predecessor-version":[{"id":557,"href":"http:\/\/taekwondoazursport.com\/index.php?rest_route=\/wp\/v2\/pages\/540\/revisions\/557"}],"up":[{"embeddable":true,"href":"http:\/\/taekwondoazursport.com\/index.php?rest_route=\/wp\/v2\/pages\/490"}],"wp:attachment":[{"href":"http:\/\/taekwondoazursport.com\/index.php?rest_route=%2Fwp%2Fv2%2Fmedia&parent=540"}],"curies":[{"name":"wp","href":"https:\/\/api.w.org\/{rel}","templated":true}]}}