{"id":968,"date":"2019-09-09T07:21:41","date_gmt":"2019-09-09T06:21:41","guid":{"rendered":"http:\/\/taekwondoazursport.com\/?page_id=968"},"modified":"2025-08-21T21:38:18","modified_gmt":"2025-08-21T20:38:18","slug":"essai","status":"publish","type":"page","link":"http:\/\/taekwondoazursport.com\/","title":{"rendered":"ESSAI"},"content":{"rendered":"\n  <div id=\"page-header-623884572\" class=\"page-header-wrapper\">\n  <div class=\"page-title show-for-medium dark featured-title\">\n\n        <div class=\"page-title-bg\">\n      <div class=\"title-bg fill bg-fill\"\n        data-parallax-container=\".page-title\"\n        data-parallax-background\n        data-parallax=\"-\">\n      <\/div>\n      <div class=\"title-overlay fill\"><\/div>\n    <\/div>\n    \n    <div class=\"page-title-inner container align-center flex-row medium-flex-wrap\" >\n            <div class=\"title-content flex-col flex-right text-right medium-text-center\">\n        <div class=\"title-breadcrumbs pb-half pt-half\"><\/div>      <\/div>\n    <\/div><!-- flex-row -->\n\n     \n<style scope=\"scope\">\n\n#page-header-623884572 .title-bg {\n  background-image: url(http:\/\/taekwondoazursport.com\/wp-content\/uploads\/2019\/09\/bandeau-taekwondo.jpg);\n}\n<\/style>\n  <\/div><!-- .page-title -->\n    <\/div><!-- .page-header-wrapper -->\n  \n\n\n  <div class=\"banner has-hover has-video\" id=\"banner-924854709\">\n          <div class=\"banner-inner fill\">\n        <div class=\"banner-bg fill\" >\n            <div class=\"bg fill bg-fill \"><\/div>\n            \t<div class=\"video-overlay no-click fill visible\"><\/div>\n\t<video class=\"video-bg fill visible\" preload playsinline autoplay\n\t\tmuted\t\tloop>\n\t\t<source src=\"http:\/\/taekwondoazursport.com\/wp-content\/uploads\/2019\/09\/205873267.mp4\" type=\"video\/mp4\">\t<\/video>\n                        \n                    <\/div><!-- bg-layers -->\n        <div class=\"banner-layers container\">\n            <div class=\"fill banner-link\"><\/div>            \n\n   <div id=\"text-box-1754629070\" class=\"text-box banner-layer x50 md-x100 lg-x100 y15 md-y100 lg-y100 res-text\">\n                     <div data-animate=\"fadeInLeft\">           <div class=\"text dark text-shadow-2\">\n              \n              <div class=\"text-inner text-center\">\n                  \n\n<h2 class=\"uppercase\"><span style=\"color: #ffff00; font-size: 130%;\"><strong>Mika\u00cbl MELOUL<\/strong><\/span><\/h2>\n<p class=\"lead\"><span style=\"color: #ffff00; font-size: 130%;\">Champion du Monde <\/span><\/p>\n<p class=\"lead\"><span style=\"color: #ffff00; font-size: 130%;\">Double Champion d&rsquo;Europe <\/span><\/p>\n<p class=\"lead\"><span style=\"color: #ffff00; font-size: 130%;\">10 X champion de France<\/span><\/p>\n<p>&nbsp;<\/p>\n\n              <\/div>\n           <\/div><!-- text-box-inner -->\n       <\/div>                     \n<style scope=\"scope\">\n\n#text-box-1754629070 {\n  width: 80%;\n}\n#text-box-1754629070 .text {\n  font-size: 100%;\n}\n\n\n@media (min-width:550px) {\n\n  #text-box-1754629070 {\n    width: 41%;\n  }\n\n}\n<\/style>\n    <\/div><!-- text-box -->\n \n   <div id=\"text-box-1124407069\" class=\"text-box banner-layer x50 md-x0 lg-x0 y80 md-y90 lg-y90 res-text\">\n                                <div class=\"text dark\">\n              \n              <div class=\"text-inner text-left\">\n                  \n\n<h4 style=\"text-align: center;\"><strong><span style=\"color: #ffff00;\">COURS ADULTES ET ENFANTS<\/span><\/strong><\/h4>\n\n              <\/div>\n           <\/div><!-- text-box-inner -->\n                            \n<style scope=\"scope\">\n\n#text-box-1124407069 {\n  width: 60%;\n}\n#text-box-1124407069 .text {\n  font-size: 100%;\n}\n<\/style>\n    <\/div><!-- text-box -->\n \n\n        <\/div><!-- .banner-layers -->\n      <\/div><!-- .banner-inner -->\n\n            \n<style scope=\"scope\">\n\n#banner-924854709 {\n  padding-top: 540px;\n}\n#banner-924854709 .bg.bg-loaded {\n  background-image: url(http:\/\/taekwondoazursport.com\/wp-content\/uploads\/2019\/09\/meloul.jpg);\n}\n#banner-924854709 .bg {\n  background-position: 44% 50%;\n}\n<\/style>\n  <\/div><!-- .banner -->\n\n\n\n  <div class=\"banner has-hover\" id=\"banner-855300183\">\n          <div class=\"banner-inner fill\">\n        <div class=\"banner-bg fill\" >\n            <div class=\"bg fill bg-fill \"><\/div>\n                        <div class=\"overlay\"><\/div>            \n            <div class=\"effect-sparkle bg-effect fill no-click\"><\/div>        <\/div><!-- bg-layers -->\n        <div class=\"banner-layers container\">\n            <div class=\"fill banner-link\"><\/div>            \n\n   <div id=\"text-box-1243189808\" class=\"text-box banner-layer x50 md-x50 lg-x50 y50 md-y50 lg-y50 res-text\">\n                                <div class=\"text \">\n              \n              <div class=\"text-inner text-center\">\n                  \n\n<h3 class=\"uppercase\"><strong><span style=\"font-size: 75%;\">REPRISE DES COURS<\/span><\/strong><\/h3>\n<p><strong><span style=\"font-size: 85%; color: #ed1c24;\">D\u00e8s Lundi 8 Septembre 2025 \u00e0 travers nos diff\u00e9rentes sections sur NICE !<\/span><\/strong><\/p>\n<p><span style=\"font-size: 85%;\"><strong><span style=\"color: #ed1c24;\">LUNDI 8 septembre 2025 :<\/span><\/strong><\/span><\/p>\n<p><span style=\"font-size: 85%;\"><strong><span style=\"color: #ed1c24;\">Section enfants Fuon Cauda: 18H15 \u00e0 19H15\u00a0 \/\u00a0 \u00a0Section enfants Rancher 17H00 \u00e0 18H00\u00a0<\/span><\/strong><\/span><\/p>\n<p><span style=\"font-size: 85%;\"><strong><span style=\"color: #ed1c24;\">MARDI 9 septembre 2025 :\u00a0<\/span><\/strong><\/span><\/p>\n<p><span style=\"font-size: 85%;\"><strong><span style=\"color: #ed1c24;\">Section adultes Fuon Cauda de 20 h00 \u00e0 21 H 30<\/span><\/strong><\/span><\/p>\n<p><span style=\"font-size: 85%;\"><strong><span style=\"color: #ed1c24;\">MERCREDI 10 septembre 2025 :<\/span><\/strong><\/span><\/p>\n<p><span style=\"font-size: 85%;\"><strong><span style=\"color: #ed1c24;\">Section enfants Villeneuve Loubet 14H30 \u00e0 15H30 \/ Section enfants Calmette 18H30 \u00e0 19H30<\/span><\/strong><\/span><\/p>\n<p><span style=\"font-size: 85%;\"><strong><span style=\"color: #ed1c24;\">Section ados Calmette 17H30 \u00e0 18H30<\/span><\/strong><\/span><\/p>\n<p><span style=\"font-size: 80%; color: #ed1c24;\"><a style=\"color: #ed1c24;\" href=\"http:\/\/taekwondoazursport.com\/wp-content\/uploads\/2019\/09\/kimono-offert.jpg\">\u00a0<\/a><\/span><\/p>\n\t<div class=\"img has-hover x md-x lg-x y md-y lg-y\" id=\"image_188199068\">\n\t\t<a class=\"image-lightbox lightbox-gallery\" href=\"http:\/\/taekwondoazursport.com\/wp-content\/uploads\/2019\/09\/kimono-offert.jpg\">\t\t\t\t\t\t<div class=\"img-inner dark\" >\n\t\t\t<img loading=\"lazy\" decoding=\"async\" width=\"227\" height=\"121\" src=\"http:\/\/taekwondoazursport.com\/wp-content\/uploads\/2019\/09\/kimono-offert.jpg\" class=\"attachment-original size-original\" alt=\"\" \/>\t\t\t\t\t\t\n\t\t\t\t\t<\/div>\n\t\t\t\t\t\t<\/a>\t\t\n<style scope=\"scope\">\n\n#image_188199068 {\n  width: 61%;\n}\n\n\n@media (min-width:550px) {\n\n  #image_188199068 {\n    width: 28%;\n  }\n\n}\n<\/style>\n\t<\/div>\n\t\n\n\n              <\/div>\n           <\/div><!-- text-box-inner -->\n                            \n<style scope=\"scope\">\n\n#text-box-1243189808 .text-inner {\n  padding: 20px 0px 20px 0px;\n}\n#text-box-1243189808 {\n  width: 94%;\n}\n#text-box-1243189808 .text {\n  font-size: 100%;\n}\n\n\n@media (min-width:550px) {\n\n  #text-box-1243189808 {\n    width: 75%;\n  }\n\n}\n<\/style>\n    <\/div><!-- text-box -->\n \n\n        <\/div><!-- .banner-layers -->\n      <\/div><!-- .banner-inner -->\n\n            \n<style scope=\"scope\">\n\n#banner-855300183 {\n  padding-top: 330px;\n}\n#banner-855300183 .overlay {\n  background-color: rgb(250, 224, 25);\n}\n\n\n@media (min-width:550px) {\n\n  #banner-855300183 {\n    padding-top: 403px;\n  }\n\n}\n<\/style>\n  <\/div><!-- .banner -->\n\n\n<div class=\"row row-collapse row-full-width\"  id=\"row-1223975695\">\n\n<div class=\"col medium-6 small-12 large-6\"  ><div class=\"col-inner\"  >\n\n\n  <div class=\"banner has-hover\" id=\"banner-1072977664\">\n          <div class=\"banner-inner fill\">\n        <div class=\"banner-bg fill\" >\n            <div class=\"bg fill bg-fill \"><\/div>\n                                    \n                    <\/div><!-- bg-layers -->\n        <div class=\"banner-layers container\">\n            <div class=\"fill banner-link\"><\/div>            \n\n   <div id=\"text-box-881906180\" class=\"text-box banner-layer x50 md-x50 lg-x50 y50 md-y50 lg-y50 res-text\">\n                                <div class=\"text dark\">\n              \n              <div class=\"text-inner text-center\">\n                  \n\n\t<div class=\"img has-hover x md-x lg-x y md-y lg-y\" id=\"image_579247317\">\n\t\t<a class=\"\" href=\"http:\/\/taekwondoazursport.com\/wp-content\/uploads\/2018\/08\/fly2018-1.jpg\" target=\"_self\" >\t\t\t\t\t\t<div class=\"img-inner dark\" >\n\t\t\t<img loading=\"lazy\" decoding=\"async\" width=\"736\" height=\"1024\" src=\"http:\/\/taekwondoazursport.com\/wp-content\/uploads\/2020\/08\/117958968_1726738420828579_8970035810156440734_n-736x1024.jpg\" class=\"attachment-large size-large\" alt=\"\" srcset=\"http:\/\/taekwondoazursport.com\/wp-content\/uploads\/2020\/08\/117958968_1726738420828579_8970035810156440734_n-736x1024.jpg 736w, http:\/\/taekwondoazursport.com\/wp-content\/uploads\/2020\/08\/117958968_1726738420828579_8970035810156440734_n-216x300.jpg 216w, http:\/\/taekwondoazursport.com\/wp-content\/uploads\/2020\/08\/117958968_1726738420828579_8970035810156440734_n-768x1069.jpg 768w, http:\/\/taekwondoazursport.com\/wp-content\/uploads\/2020\/08\/117958968_1726738420828579_8970035810156440734_n.jpg 1125w\" sizes=\"auto, (max-width: 736px) 100vw, 736px\" \/>\t\t\t\t\t\t\n\t\t\t\t\t<\/div>\n\t\t\t\t\t\t<\/a>\t\t\n<style scope=\"scope\">\n\n#image_579247317 {\n  width: 100%;\n}\n<\/style>\n\t<\/div>\n\t\n\n\n              <\/div>\n           <\/div><!-- text-box-inner -->\n                            \n<style scope=\"scope\">\n\n#text-box-881906180 {\n  width: 85%;\n}\n#text-box-881906180 .text {\n  font-size: 100%;\n}\n\n\n@media (min-width:550px) {\n\n  #text-box-881906180 {\n    width: 58%;\n  }\n\n}\n<\/style>\n    <\/div><!-- text-box -->\n \n\n        <\/div><!-- .banner-layers -->\n      <\/div><!-- .banner-inner -->\n\n            \n<style scope=\"scope\">\n\n#banner-1072977664 {\n  padding-top: 600px;\n  background-color: rgb(0, 0, 0);\n}\n\n\n@media (min-width:550px) {\n\n  #banner-1072977664 {\n    padding-top: 700px;\n  }\n\n}\n<\/style>\n  <\/div><!-- .banner -->\n\n\n\n<\/div><\/div>\n<div class=\"col medium-6 small-12 large-6\"  ><div class=\"col-inner\"  >\n\n\n  <div class=\"banner has-hover\" id=\"banner-7962450\">\n          <div class=\"banner-inner fill\">\n        <div class=\"banner-bg fill\" >\n            <div class=\"bg fill bg-fill \"><\/div>\n                                    \n                    <\/div><!-- bg-layers -->\n        <div class=\"banner-layers container\">\n            <div class=\"fill banner-link\"><\/div>            \n\n   <div id=\"text-box-2081109908\" class=\"text-box banner-layer x50 md-x50 lg-x50 y50 md-y50 lg-y50 res-text\">\n                                <div class=\"text dark\">\n              \n              <div class=\"text-inner text-center\">\n                  \n\n\t<div class=\"img has-hover x md-x lg-x y md-y lg-y\" id=\"image_1585107645\">\n\t\t<a class=\"image-lightbox lightbox-gallery\" href=\"http:\/\/taekwondoazursport.com\/wp-content\/uploads\/2020\/08\/118177802_310203226873641_246982409896111349_n-723x1024.jpg\">\t\t\t\t\t\t<div class=\"img-inner dark\" >\n\t\t\t<img loading=\"lazy\" decoding=\"async\" width=\"723\" height=\"1024\" src=\"http:\/\/taekwondoazursport.com\/wp-content\/uploads\/2020\/08\/118177802_310203226873641_246982409896111349_n-723x1024.jpg\" class=\"attachment-large size-large\" alt=\"\" srcset=\"http:\/\/taekwondoazursport.com\/wp-content\/uploads\/2020\/08\/118177802_310203226873641_246982409896111349_n-723x1024.jpg 723w, http:\/\/taekwondoazursport.com\/wp-content\/uploads\/2020\/08\/118177802_310203226873641_246982409896111349_n-212x300.jpg 212w, http:\/\/taekwondoazursport.com\/wp-content\/uploads\/2020\/08\/118177802_310203226873641_246982409896111349_n-768x1087.jpg 768w, http:\/\/taekwondoazursport.com\/wp-content\/uploads\/2020\/08\/118177802_310203226873641_246982409896111349_n.jpg 1125w\" sizes=\"auto, (max-width: 723px) 100vw, 723px\" \/>\t\t\t\t\t\t\n\t\t\t\t\t<\/div>\n\t\t\t\t\t\t<\/a>\t\t\n<style scope=\"scope\">\n\n#image_1585107645 {\n  width: 100%;\n}\n<\/style>\n\t<\/div>\n\t\n\n\n              <\/div>\n           <\/div><!-- text-box-inner -->\n                            \n<style scope=\"scope\">\n\n#text-box-2081109908 {\n  width: 85%;\n}\n#text-box-2081109908 .text {\n  font-size: 100%;\n}\n\n\n@media (min-width:550px) {\n\n  #text-box-2081109908 {\n    width: 58%;\n  }\n\n}\n<\/style>\n    <\/div><!-- text-box -->\n \n\n        <\/div><!-- .banner-layers -->\n      <\/div><!-- .banner-inner -->\n\n            \n<style scope=\"scope\">\n\n#banner-7962450 {\n  padding-top: 700px;\n  background-color: rgb(0,0,0);\n}\n<\/style>\n  <\/div><!-- .banner -->\n\n\n\n<\/div><\/div>\n\n\n<style scope=\"scope\">\n\n<\/style>\n<\/div>\n\t<div class=\"box has-hover   has-hover box-text-bottom\" >\n\n\t\t<div class=\"box-image\" >\n\t\t\t\t\t\t<div class=\"\" >\n\t\t\t\t<img loading=\"lazy\" decoding=\"async\" width=\"3954\" height=\"2632\" src=\"http:\/\/taekwondoazursport.com\/wp-content\/uploads\/2019\/09\/salles-tkd-azur-sport.png\" class=\"attachment-original size-original\" alt=\"\" srcset=\"http:\/\/taekwondoazursport.com\/wp-content\/uploads\/2019\/09\/salles-tkd-azur-sport.png 3954w, http:\/\/taekwondoazursport.com\/wp-content\/uploads\/2019\/09\/salles-tkd-azur-sport-300x200.png 300w, http:\/\/taekwondoazursport.com\/wp-content\/uploads\/2019\/09\/salles-tkd-azur-sport-768x511.png 768w, http:\/\/taekwondoazursport.com\/wp-content\/uploads\/2019\/09\/salles-tkd-azur-sport-1024x682.png 1024w\" sizes=\"auto, (max-width: 3954px) 100vw, 3954px\" \/>\t\t\t\t\t\t\t\t\t\t\t<\/div>\n\t\t\t\t\t<\/div><!-- box-image -->\n\n\t\t<div class=\"box-text text-center is-xlarge\" style=\"background-color:rgb(10, 9, 9);\">\n\t\t\t<div class=\"box-text-inner\">\n\t\t\t\t\n\n<p>&nbsp;<\/p>\n<h1><span style=\"color: #ffff00;\">PROCHE DE CHEZ VOUS 9 SALLES A VOTRE SERVICE, NICE CENTRE, NICE NORD, NICE OUEST, NICE COLLINES, NICE EST ..<\/span><\/h1>\n\n\t\t\t<\/div><!-- box-text-inner -->\n\t\t<\/div><!-- box-text -->\n\t<\/div><!-- .box  -->\n\t\n\t<div class=\"box has-hover   has-hover box-text-bottom\" >\n\n\t\t<div class=\"box-image\" >\n\t\t\t\t\t\t<div class=\"image-blur\" >\n\t\t\t\t<img loading=\"lazy\" decoding=\"async\" width=\"960\" height=\"720\" src=\"http:\/\/taekwondoazursport.com\/wp-content\/uploads\/2019\/09\/ventabrun.jpg\" class=\"attachment- size-\" alt=\"\" srcset=\"http:\/\/taekwondoazursport.com\/wp-content\/uploads\/2019\/09\/ventabrun.jpg 960w, http:\/\/taekwondoazursport.com\/wp-content\/uploads\/2019\/09\/ventabrun-300x225.jpg 300w, http:\/\/taekwondoazursport.com\/wp-content\/uploads\/2019\/09\/ventabrun-768x576.jpg 768w\" sizes=\"auto, (max-width: 960px) 100vw, 960px\" \/>\t\t\t\t\t\t\t\t\t\t\t<\/div>\n\t\t\t\t\t<\/div><!-- box-image -->\n\n\t\t<div class=\"box-text text-center\" style=\"background-color:rgb(10, 9, 9);\">\n\t\t\t<div class=\"box-text-inner\">\n\t\t\t\t\n\n<p>&nbsp;<\/p>\n<h1 style=\"text-align: center;\"><span style=\"color: #ffff00; font-size: 150%;\">LE TAEKWONDO , UN SPORT OLYMPIQUE PRATICABLE A PARTIR DE &nbsp;4 ANS&nbsp;<\/span><\/h1>\n\n\t\t\t<\/div><!-- box-text-inner -->\n\t\t<\/div><!-- box-text -->\n\t<\/div><!-- .box  -->\n\t\n\t<div class=\"box has-hover   has-hover box-text-bottom\" >\n\n\t\t<div class=\"box-image\" >\n\t\t\t\t\t\t<div class=\"image-zoom-long\" >\n\t\t\t\t<img loading=\"lazy\" decoding=\"async\" width=\"2436\" height=\"1125\" src=\"http:\/\/taekwondoazursport.com\/wp-content\/uploads\/2019\/09\/IMG_2870.jpeg\" class=\"attachment- size-\" alt=\"\" srcset=\"http:\/\/taekwondoazursport.com\/wp-content\/uploads\/2019\/09\/IMG_2870.jpeg 2436w, http:\/\/taekwondoazursport.com\/wp-content\/uploads\/2019\/09\/IMG_2870-300x139.jpeg 300w, http:\/\/taekwondoazursport.com\/wp-content\/uploads\/2019\/09\/IMG_2870-768x355.jpeg 768w, http:\/\/taekwondoazursport.com\/wp-content\/uploads\/2019\/09\/IMG_2870-1024x473.jpeg 1024w\" sizes=\"auto, (max-width: 2436px) 100vw, 2436px\" \/>\t\t\t\t\t\t\t\t\t\t\t<\/div>\n\t\t\t\t\t<\/div><!-- box-image -->\n\n\t\t<div class=\"box-text text-center\" style=\"background-color:rgb(2, 2, 2);\">\n\t\t\t<div class=\"box-text-inner\">\n\t\t\t\t\n\n<p>&nbsp;<\/p>\n<h1><span style=\"font-size: 150%; color: #ffff00;\">LE TAEKWONDO, UN ART MARTIAL ENSEIGNANT LA DICIPLINE<\/span><\/h1>\n\n\t\t\t<\/div><!-- box-text-inner -->\n\t\t<\/div><!-- box-text -->\n\t<\/div><!-- .box  -->\n\t\n\t<div class=\"box has-hover   has-hover box-text-bottom\" >\n\n\t\t<div class=\"box-image\" >\n\t\t\t\t\t\t<div class=\"image-zoom-long\" >\n\t\t\t\t<img loading=\"lazy\" decoding=\"async\" width=\"3024\" height=\"4032\" src=\"http:\/\/taekwondoazursport.com\/wp-content\/uploads\/2019\/09\/IMG_2583-2.jpeg\" class=\"attachment- size-\" alt=\"\" srcset=\"http:\/\/taekwondoazursport.com\/wp-content\/uploads\/2019\/09\/IMG_2583-2.jpeg 3024w, http:\/\/taekwondoazursport.com\/wp-content\/uploads\/2019\/09\/IMG_2583-2-225x300.jpeg 225w, http:\/\/taekwondoazursport.com\/wp-content\/uploads\/2019\/09\/IMG_2583-2-768x1024.jpeg 768w\" sizes=\"auto, (max-width: 3024px) 100vw, 3024px\" \/>\t\t\t\t\t\t\t\t\t\t\t<\/div>\n\t\t\t\t\t<\/div><!-- box-image -->\n\n\t\t<div class=\"box-text text-center\" style=\"background-color:rgb(7, 7, 7);\">\n\t\t\t<div class=\"box-text-inner\">\n\t\t\t\t\n\n<h1><span style=\"color: #ffff00; font-size: 150%;\">LE TAEKWONDO , UN SPORT QUI PROMOUVOIT L&rsquo;APPRENTISSAGE DE LA SOUPLESSE<\/span><\/h1>\n\n\t\t\t<\/div><!-- box-text-inner -->\n\t\t<\/div><!-- box-text -->\n\t<\/div><!-- .box  -->\n\t\n\t<div class=\"box has-hover   has-hover box-text-bottom\" >\n\n\t\t<div class=\"box-image\" >\n\t\t\t\t\t\t<div class=\"image-zoom-long\" >\n\t\t\t\t<img loading=\"lazy\" decoding=\"async\" width=\"2048\" height=\"1365\" src=\"http:\/\/taekwondoazursport.com\/wp-content\/uploads\/2019\/09\/IMG_2572.jpg\" class=\"attachment- size-\" alt=\"\" srcset=\"http:\/\/taekwondoazursport.com\/wp-content\/uploads\/2019\/09\/IMG_2572.jpg 2048w, http:\/\/taekwondoazursport.com\/wp-content\/uploads\/2019\/09\/IMG_2572-300x200.jpg 300w, http:\/\/taekwondoazursport.com\/wp-content\/uploads\/2019\/09\/IMG_2572-768x512.jpg 768w, http:\/\/taekwondoazursport.com\/wp-content\/uploads\/2019\/09\/IMG_2572-1024x683.jpg 1024w\" sizes=\"auto, (max-width: 2048px) 100vw, 2048px\" \/>\t\t\t\t\t\t\t\t\t\t\t<\/div>\n\t\t\t\t\t<\/div><!-- box-image -->\n\n\t\t<div class=\"box-text text-center\" style=\"background-color:rgb(17, 1, 1);\">\n\t\t\t<div class=\"box-text-inner\">\n\t\t\t\t\n\n<h1><span style=\"color: #ffff00; font-size: 150%;\">LE TAEKWONDO , UN SPORT QUI PERMET LE DEPASSEMENT DE SOIT<\/span><\/h1>\n\n\t\t\t<\/div><!-- box-text-inner -->\n\t\t<\/div><!-- box-text -->\n\t<\/div><!-- .box  -->\n\t\n\t<div class=\"box has-hover   has-hover box-text-bottom\" >\n\n\t\t<div class=\"box-image\" >\n\t\t\t\t\t\t<div class=\"image-overlay-add-50 image-zoom-long\" >\n\t\t\t\t<img loading=\"lazy\" decoding=\"async\" width=\"4032\" height=\"3024\" src=\"http:\/\/taekwondoazursport.com\/wp-content\/uploads\/2019\/09\/IMG_2607-2-1.jpeg\" class=\"attachment- size-\" alt=\"\" srcset=\"http:\/\/taekwondoazursport.com\/wp-content\/uploads\/2019\/09\/IMG_2607-2-1.jpeg 4032w, http:\/\/taekwondoazursport.com\/wp-content\/uploads\/2019\/09\/IMG_2607-2-1-300x225.jpeg 300w, http:\/\/taekwondoazursport.com\/wp-content\/uploads\/2019\/09\/IMG_2607-2-1-768x576.jpeg 768w, http:\/\/taekwondoazursport.com\/wp-content\/uploads\/2019\/09\/IMG_2607-2-1-1024x768.jpeg 1024w\" sizes=\"auto, (max-width: 4032px) 100vw, 4032px\" \/>\t\t\t\t\t\t\t\t\t\t\t<\/div>\n\t\t\t\t\t<\/div><!-- box-image -->\n\n\t\t<div class=\"box-text text-center is-large\" style=\"background-color:rgb(1, 0, 0);\">\n\t\t\t<div class=\"box-text-inner\">\n\t\t\t\t\n\n<h1><span style=\"color: #ffff00; font-size: 150%;\">LE &nbsp;CLUB DE TAEKWONDO , OU REGNENT L&rsquo;ENTRAIDE ET LA CAMARADERIE&nbsp;<\/span><\/h1>\n\n\t\t\t<\/div><!-- box-text-inner -->\n\t\t<\/div><!-- box-text -->\n\t<\/div><!-- .box  -->\n\t\n\t<div class=\"box has-hover   has-hover box-text-bottom\" >\n\n\t\t<div class=\"box-image\" >\n\t\t\t\t\t\t<div class=\"\" >\n\t\t\t\t<img loading=\"lazy\" decoding=\"async\" width=\"3670\" height=\"2416\" src=\"http:\/\/taekwondoazursport.com\/wp-content\/uploads\/2019\/09\/IMG_2800-2.jpeg\" class=\"attachment- size-\" alt=\"\" srcset=\"http:\/\/taekwondoazursport.com\/wp-content\/uploads\/2019\/09\/IMG_2800-2.jpeg 3670w, http:\/\/taekwondoazursport.com\/wp-content\/uploads\/2019\/09\/IMG_2800-2-300x197.jpeg 300w, http:\/\/taekwondoazursport.com\/wp-content\/uploads\/2019\/09\/IMG_2800-2-768x506.jpeg 768w, http:\/\/taekwondoazursport.com\/wp-content\/uploads\/2019\/09\/IMG_2800-2-1024x674.jpeg 1024w\" sizes=\"auto, (max-width: 3670px) 100vw, 3670px\" \/>\t\t\t\t\t\t\t\t\t\t\t<\/div>\n\t\t\t\t\t<\/div><!-- box-image -->\n\n\t\t<div class=\"box-text text-center is-large\" style=\"background-color:rgb(13, 12, 12);\">\n\t\t\t<div class=\"box-text-inner\">\n\t\t\t\t\n\n<h1><span style=\"color: #ffff00; font-size: 150%;\">LE TAEKWONDO AZUR SPORT , LE LOISIR OU LA COMPETITION<\/span><\/h1>\n\n\t\t\t<\/div><!-- box-text-inner -->\n\t\t<\/div><!-- box-text -->\n\t<\/div><!-- .box  -->\n\t\n<div class=\"gap-element clearfix\" style=\"display:block; height:auto; padding-top:30px\"><\/div>\n\n<div class=\"social-icons follow-icons full-width text-center\" style=\"font-size:193%\"><a href=\"https:\/\/www.facebook.com\/TAEKWONDO-AZUR-SPORT-619047664890135\/\" target=\"_blank\" data-label=\"Facebook\"  rel=\"noopener noreferrer nofollow\" class=\"icon primary button circle facebook tooltip\" title=\"Nous suivre sur Facebook\"><i class=\"icon-facebook\" ><\/i><\/a><a href=\"https:\/\/www.youtube.com\/channel\/UCLab2ncTTjUqTa3crPVhm_A\" target=\"_blank\" rel=\"noopener noreferrer nofollow\" data-label=\"YouTube\" class=\"icon primary button circle  youtube tooltip\" title=\"Nous suivre sur Youtube\"><i class=\"icon-youtube\" ><\/i><\/a><\/div>\n\n\n","protected":false},"excerpt":{"rendered":"","protected":false},"author":1,"featured_media":0,"parent":0,"menu_order":0,"comment_status":"closed","ping_status":"closed","template":"page-blank.php","meta":{"footnotes":""},"class_list":["post-968","page","type-page","status-publish","hentry"],"_links":{"self":[{"href":"http:\/\/taekwondoazursport.com\/index.php?rest_route=\/wp\/v2\/pages\/968","targetHints":{"allow":["GET"]}}],"collection":[{"href":"http:\/\/taekwondoazursport.com\/index.php?rest_route=\/wp\/v2\/pages"}],"about":[{"href":"http:\/\/taekwondoazursport.com\/index.php?rest_route=\/wp\/v2\/types\/page"}],"author":[{"embeddable":true,"href":"http:\/\/taekwondoazursport.com\/index.php?rest_route=\/wp\/v2\/users\/1"}],"replies":[{"embeddable":true,"href":"http:\/\/taekwondoazursport.com\/index.php?rest_route=%2Fwp%2Fv2%2Fcomments&post=968"}],"version-history":[{"count":86,"href":"http:\/\/taekwondoazursport.com\/index.php?rest_route=\/wp\/v2\/pages\/968\/revisions"}],"predecessor-version":[{"id":1573,"href":"http:\/\/taekwondoazursport.com\/index.php?rest_route=\/wp\/v2\/pages\/968\/revisions\/1573"}],"wp:attachment":[{"href":"http:\/\/taekwondoazursport.com\/index.php?rest_route=%2Fwp%2Fv2%2Fmedia&parent=968"}],"curies":[{"name":"wp","href":"https:\/\/api.w.org\/{rel}","templated":true}]}}